{"id":55,"date":"2024-09-09T19:24:23","date_gmt":"2024-09-09T18:24:23","guid":{"rendered":"https:\/\/titanpoker-bonuscode.eu\/hem\/"},"modified":"2024-09-09T19:24:23","modified_gmt":"2024-09-09T18:24:23","slug":"hem","status":"publish","type":"page","link":"https:\/\/titanpoker-bonuscode.eu\/sv\/","title":{"rendered":"Hem"},"content":{"rendered":"<p>Titan Poker \u00e4r ett av de mest framg\u00e5ngsrika onlinepokerrummen de senaste \u00e5ren. En av anledningarna till deras framg\u00e5ng \u00e4r det enorma antalet kampanjer, inklusive det senaste bonuserbjudandet f\u00f6r en onlinepokerbonus p\u00e5 200 % av den ins\u00e4ttning en ny spelare g\u00f6r, med ett maximum p\u00e5 1 500,00 dollar.<\/p>\n<h2>Den b\u00e4sta tillg\u00e4ngliga Titan Poker-bonuskoden PKRCOACH<\/h2>\n<p>Den nya Titan Poker-bonuskoden f\u00f6r denna pokerbonus \u00e4r PKRCOACH \u2013 med den h\u00e4r koden kan du vara s\u00e4ker p\u00e5 att f\u00e5 hela den senaste onlinepokerbonusen p\u00e5 200 % och upp till 1 500 dollar. Bonusen betalas ut i steg om 10 dollar medan du spelar h\u00e4nder med riktiga pengar eller turneringar.<\/p>\n<p>Kolla in Titans enorma turneringskalender, som inkluderar ECOOP-serien med en total prissumma p\u00e5 15+ miljoner dollar, den enorma m\u00e4ngden kontantspelsbord, b\u00e5de f\u00f6r Fixed Limit och No Limit.<\/p>\n<p>Bes\u00f6k Titan Pokers webbplats nu och f\u00e5 din bonus p\u00e5 1 500 dollar genom att klicka p\u00e5 den h\u00e4r l\u00e4nken.<\/p>\n<p>L\u00e4s mer om Titan Poker genom att klicka p\u00e5 en av de \u00f6versta menyerna.<\/p>\n","protected":false},"excerpt":{"rendered":"<p>Titan Poker \u00e4r ett av de mest framg\u00e5ngsrika onlinepokerrummen de senaste \u00e5ren. En av anledningarna till deras framg\u00e5ng \u00e4r det enorma antalet kampanjer, inklusive det senaste bonuserbjudandet f\u00f6r en onlinepokerbonus p\u00e5 200 % av den ins\u00e4ttning en ny spelare g\u00f6r, med ett maximum p\u00e5 1 500,00 dollar. Den b\u00e4sta tillg\u00e4ngliga Titan Poker-bonuskoden PKRCOACH Den nya&#8230;<\/p>\n","protected":false},"author":1,"featured_media":0,"parent":0,"menu_order":0,"comment_status":"closed","ping_status":"closed","template":"","meta":{"footnotes":""},"class_list":["post-55","page","type-page","status-publish","hentry"],"yoast_head":"<!-- This site is optimized with the Yoast SEO plugin v25.9 - https:\/\/yoast.com\/wordpress\/plugins\/seo\/ -->\n<title>Den b\u00e4sta bonusen med v\u00e5r Titan Poker bonuskod<\/title>\n<meta name=\"robots\" content=\"index, follow, max-snippet:-1, max-image-preview:large, max-video-preview:-1\" \/>\n<link rel=\"canonical\" href=\"https:\/\/titanpoker-bonuscode.eu\/sv\/\" \/>\n<meta property=\"og:locale\" content=\"sv_SE\" \/>\n<meta property=\"og:type\" content=\"article\" \/>\n<meta property=\"og:title\" content=\"Den b\u00e4sta bonusen med v\u00e5r Titan Poker bonuskod\" \/>\n<meta property=\"og:description\" content=\"Titan Poker \u00e4r ett av de mest framg\u00e5ngsrika onlinepokerrummen de senaste \u00e5ren. En av anledningarna till deras framg\u00e5ng \u00e4r det enorma antalet kampanjer, inklusive det senaste bonuserbjudandet f\u00f6r en onlinepokerbonus p\u00e5 200 % av den ins\u00e4ttning en ny spelare g\u00f6r, med ett maximum p\u00e5 1 500,00 dollar. Den b\u00e4sta tillg\u00e4ngliga Titan Poker-bonuskoden PKRCOACH Den nya...\" \/>\n<meta property=\"og:url\" content=\"https:\/\/titanpoker-bonuscode.eu\/sv\/\" \/>\n<meta name=\"twitter:card\" content=\"summary_large_image\" \/>\n<meta name=\"twitter:label1\" content=\"Ber\u00e4knad l\u00e4stid\" \/>\n\t<meta name=\"twitter:data1\" content=\"1 minut\" \/>\n<script type=\"application\/ld+json\" class=\"yoast-schema-graph\">{\"@context\":\"https:\/\/schema.org\",\"@graph\":[{\"@type\":\"WebPage\",\"@id\":\"https:\/\/titanpoker-bonuscode.eu\/sv\/\",\"url\":\"https:\/\/titanpoker-bonuscode.eu\/sv\/\",\"name\":\"Den b\u00e4sta bonusen med v\u00e5r Titan Poker bonuskod\",\"isPartOf\":{\"@id\":\"https:\/\/titanpoker-bonuscode.eu\/sv\/#website\"},\"datePublished\":\"2024-09-09T18:24:23+00:00\",\"breadcrumb\":{\"@id\":\"https:\/\/titanpoker-bonuscode.eu\/sv\/#breadcrumb\"},\"inLanguage\":\"sv-SE\",\"potentialAction\":[{\"@type\":\"ReadAction\",\"target\":[\"https:\/\/titanpoker-bonuscode.eu\/sv\/\"]}]},{\"@type\":\"BreadcrumbList\",\"@id\":\"https:\/\/titanpoker-bonuscode.eu\/sv\/#breadcrumb\",\"itemListElement\":[{\"@type\":\"ListItem\",\"position\":1,\"name\":\"Home\",\"item\":\"https:\/\/titanpoker-bonuscode.eu\/sv\/\"},{\"@type\":\"ListItem\",\"position\":2,\"name\":\"Hem\"}]},{\"@type\":\"WebSite\",\"@id\":\"https:\/\/titanpoker-bonuscode.eu\/sv\/#website\",\"url\":\"https:\/\/titanpoker-bonuscode.eu\/sv\/\",\"name\":\"\",\"description\":\"\",\"potentialAction\":[{\"@type\":\"SearchAction\",\"target\":{\"@type\":\"EntryPoint\",\"urlTemplate\":\"https:\/\/titanpoker-bonuscode.eu\/sv\/?s={search_term_string}\"},\"query-input\":{\"@type\":\"PropertyValueSpecification\",\"valueRequired\":true,\"valueName\":\"search_term_string\"}}],\"inLanguage\":\"sv-SE\"}]}<\/script>\n<!-- \/ Yoast SEO plugin. -->","yoast_head_json":{"title":"Den b\u00e4sta bonusen med v\u00e5r Titan Poker bonuskod","robots":{"index":"index","follow":"follow","max-snippet":"max-snippet:-1","max-image-preview":"max-image-preview:large","max-video-preview":"max-video-preview:-1"},"canonical":"https:\/\/titanpoker-bonuscode.eu\/sv\/","og_locale":"sv_SE","og_type":"article","og_title":"Den b\u00e4sta bonusen med v\u00e5r Titan Poker bonuskod","og_description":"Titan Poker \u00e4r ett av de mest framg\u00e5ngsrika onlinepokerrummen de senaste \u00e5ren. En av anledningarna till deras framg\u00e5ng \u00e4r det enorma antalet kampanjer, inklusive det senaste bonuserbjudandet f\u00f6r en onlinepokerbonus p\u00e5 200 % av den ins\u00e4ttning en ny spelare g\u00f6r, med ett maximum p\u00e5 1 500,00 dollar. Den b\u00e4sta tillg\u00e4ngliga Titan Poker-bonuskoden PKRCOACH Den nya...","og_url":"https:\/\/titanpoker-bonuscode.eu\/sv\/","twitter_card":"summary_large_image","twitter_misc":{"Ber\u00e4knad l\u00e4stid":"1 minut"},"schema":{"@context":"https:\/\/schema.org","@graph":[{"@type":"WebPage","@id":"https:\/\/titanpoker-bonuscode.eu\/sv\/","url":"https:\/\/titanpoker-bonuscode.eu\/sv\/","name":"Den b\u00e4sta bonusen med v\u00e5r Titan Poker bonuskod","isPartOf":{"@id":"https:\/\/titanpoker-bonuscode.eu\/sv\/#website"},"datePublished":"2024-09-09T18:24:23+00:00","breadcrumb":{"@id":"https:\/\/titanpoker-bonuscode.eu\/sv\/#breadcrumb"},"inLanguage":"sv-SE","potentialAction":[{"@type":"ReadAction","target":["https:\/\/titanpoker-bonuscode.eu\/sv\/"]}]},{"@type":"BreadcrumbList","@id":"https:\/\/titanpoker-bonuscode.eu\/sv\/#breadcrumb","itemListElement":[{"@type":"ListItem","position":1,"name":"Home","item":"https:\/\/titanpoker-bonuscode.eu\/sv\/"},{"@type":"ListItem","position":2,"name":"Hem"}]},{"@type":"WebSite","@id":"https:\/\/titanpoker-bonuscode.eu\/sv\/#website","url":"https:\/\/titanpoker-bonuscode.eu\/sv\/","name":"","description":"","potentialAction":[{"@type":"SearchAction","target":{"@type":"EntryPoint","urlTemplate":"https:\/\/titanpoker-bonuscode.eu\/sv\/?s={search_term_string}"},"query-input":{"@type":"PropertyValueSpecification","valueRequired":true,"valueName":"search_term_string"}}],"inLanguage":"sv-SE"}]}},"_links":{"self":[{"href":"https:\/\/titanpoker-bonuscode.eu\/sv\/wp-json\/wp\/v2\/pages\/55","targetHints":{"allow":["GET"]}}],"collection":[{"href":"https:\/\/titanpoker-bonuscode.eu\/sv\/wp-json\/wp\/v2\/pages"}],"about":[{"href":"https:\/\/titanpoker-bonuscode.eu\/sv\/wp-json\/wp\/v2\/types\/page"}],"author":[{"embeddable":true,"href":"https:\/\/titanpoker-bonuscode.eu\/sv\/wp-json\/wp\/v2\/users\/1"}],"replies":[{"embeddable":true,"href":"https:\/\/titanpoker-bonuscode.eu\/sv\/wp-json\/wp\/v2\/comments?post=55"}],"version-history":[{"count":0,"href":"https:\/\/titanpoker-bonuscode.eu\/sv\/wp-json\/wp\/v2\/pages\/55\/revisions"}],"wp:attachment":[{"href":"https:\/\/titanpoker-bonuscode.eu\/sv\/wp-json\/wp\/v2\/media?parent=55"}],"curies":[{"name":"wp","href":"https:\/\/api.w.org\/{rel}","templated":true}]}}