{"id":105,"date":"2024-09-09T19:24:23","date_gmt":"2024-09-09T18:24:23","guid":{"rendered":"https:\/\/titanpoker-bonuscode.eu\/acasa\/"},"modified":"2024-09-09T19:24:23","modified_gmt":"2024-09-09T18:24:23","slug":"acasa","status":"publish","type":"page","link":"https:\/\/titanpoker-bonuscode.eu\/ro\/","title":{"rendered":"Acas\u0103"},"content":{"rendered":"<p>Titan Poker este una dintre cele mai de succes camere de poker online din ultimii ani. Unul dintre motivele succesului lor este num\u0103rul enorm de promo\u021bii, inclusiv cea mai recent\u0103 ofert\u0103 bonus pentru un bonus de poker online de 200% din depozitul efectuat de un juc\u0103tor nou, cu un maxim de 1.500,00 USD.<\/p>\n<h2>Cel mai bun cod bonus Titan Poker disponibil PKRCOACH<\/h2>\n<p>Noul cod bonus Titan Poker pentru acest bonus de poker este PKRCOACH &#8211; cu acest cod, pute\u021bi fi sigur c\u0103 ve\u021bi primi bonusul complet recent de poker online de 200% \u0219i p\u00e2n\u0103 la 1.500 USD. Bonusul va fi pl\u0103tit \u00een trepte de 10 USD \u00een timp ce juca\u021bi m\u00e2ini sau turnee pe bani reali.<\/p>\n<p>Consulta\u021bi calendarul enorm de turnee al Titan, care include seria ECOOP cu premii totale de peste 15 milioane de dolari, num\u0103rul imens de mese de jocuri pe bani reali, at\u00e2t pentru Fixed Limit, c\u00e2t \u0219i pentru No Limit.<\/p>\n<p>Vizita\u021bi acum site-ul Titan Poker \u0219i ob\u021bine\u021bi bonusul de 1.500 USD f\u0103c\u00e2nd clic pe acest link.<\/p>\n<p>Afl\u0103 mai multe despre Titan Poker d\u00e2nd clic pe unul dintre meniurile de sus.<\/p>\n","protected":false},"excerpt":{"rendered":"<p>Titan Poker este una dintre cele mai de succes camere de poker online din ultimii ani. Unul dintre motivele succesului lor este num\u0103rul enorm de promo\u021bii, inclusiv cea mai recent\u0103 ofert\u0103 bonus pentru un bonus de poker online de 200% din depozitul efectuat de un juc\u0103tor nou, cu un maxim de 1.500,00 USD. Cel mai&#8230;<\/p>\n","protected":false},"author":1,"featured_media":0,"parent":0,"menu_order":0,"comment_status":"closed","ping_status":"closed","template":"","meta":{"footnotes":""},"class_list":["post-105","page","type-page","status-publish","hentry"],"yoast_head":"<!-- This site is optimized with the Yoast SEO plugin v25.9 - https:\/\/yoast.com\/wordpress\/plugins\/seo\/ -->\n<title>Cel mai bun bonus cu codul nostru bonus Titan Poker<\/title>\n<meta name=\"robots\" content=\"index, follow, max-snippet:-1, max-image-preview:large, max-video-preview:-1\" \/>\n<link rel=\"canonical\" href=\"https:\/\/titanpoker-bonuscode.eu\/ro\/\" \/>\n<meta property=\"og:locale\" content=\"ro_RO\" \/>\n<meta property=\"og:type\" content=\"article\" \/>\n<meta property=\"og:title\" content=\"Cel mai bun bonus cu codul nostru bonus Titan Poker\" \/>\n<meta property=\"og:description\" content=\"Titan Poker este una dintre cele mai de succes camere de poker online din ultimii ani. Unul dintre motivele succesului lor este num\u0103rul enorm de promo\u021bii, inclusiv cea mai recent\u0103 ofert\u0103 bonus pentru un bonus de poker online de 200% din depozitul efectuat de un juc\u0103tor nou, cu un maxim de 1.500,00 USD. Cel mai...\" \/>\n<meta property=\"og:url\" content=\"https:\/\/titanpoker-bonuscode.eu\/ro\/\" \/>\n<meta name=\"twitter:card\" content=\"summary_large_image\" \/>\n<meta name=\"twitter:label1\" content=\"Timp estimat pentru citire\" \/>\n\t<meta name=\"twitter:data1\" content=\"1 minut\" \/>\n<script type=\"application\/ld+json\" class=\"yoast-schema-graph\">{\"@context\":\"https:\/\/schema.org\",\"@graph\":[{\"@type\":\"WebPage\",\"@id\":\"https:\/\/titanpoker-bonuscode.eu\/ro\/\",\"url\":\"https:\/\/titanpoker-bonuscode.eu\/ro\/\",\"name\":\"Cel mai bun bonus cu codul nostru bonus Titan Poker\",\"isPartOf\":{\"@id\":\"https:\/\/titanpoker-bonuscode.eu\/ro\/#website\"},\"datePublished\":\"2024-09-09T18:24:23+00:00\",\"breadcrumb\":{\"@id\":\"https:\/\/titanpoker-bonuscode.eu\/ro\/#breadcrumb\"},\"inLanguage\":\"ro-RO\",\"potentialAction\":[{\"@type\":\"ReadAction\",\"target\":[\"https:\/\/titanpoker-bonuscode.eu\/ro\/\"]}]},{\"@type\":\"BreadcrumbList\",\"@id\":\"https:\/\/titanpoker-bonuscode.eu\/ro\/#breadcrumb\",\"itemListElement\":[{\"@type\":\"ListItem\",\"position\":1,\"name\":\"Home\",\"item\":\"https:\/\/titanpoker-bonuscode.eu\/ro\/\"},{\"@type\":\"ListItem\",\"position\":2,\"name\":\"Acas\u0103\"}]},{\"@type\":\"WebSite\",\"@id\":\"https:\/\/titanpoker-bonuscode.eu\/ro\/#website\",\"url\":\"https:\/\/titanpoker-bonuscode.eu\/ro\/\",\"name\":\"\",\"description\":\"\",\"potentialAction\":[{\"@type\":\"SearchAction\",\"target\":{\"@type\":\"EntryPoint\",\"urlTemplate\":\"https:\/\/titanpoker-bonuscode.eu\/ro\/?s={search_term_string}\"},\"query-input\":{\"@type\":\"PropertyValueSpecification\",\"valueRequired\":true,\"valueName\":\"search_term_string\"}}],\"inLanguage\":\"ro-RO\"}]}<\/script>\n<!-- \/ Yoast SEO plugin. -->","yoast_head_json":{"title":"Cel mai bun bonus cu codul nostru bonus Titan Poker","robots":{"index":"index","follow":"follow","max-snippet":"max-snippet:-1","max-image-preview":"max-image-preview:large","max-video-preview":"max-video-preview:-1"},"canonical":"https:\/\/titanpoker-bonuscode.eu\/ro\/","og_locale":"ro_RO","og_type":"article","og_title":"Cel mai bun bonus cu codul nostru bonus Titan Poker","og_description":"Titan Poker este una dintre cele mai de succes camere de poker online din ultimii ani. Unul dintre motivele succesului lor este num\u0103rul enorm de promo\u021bii, inclusiv cea mai recent\u0103 ofert\u0103 bonus pentru un bonus de poker online de 200% din depozitul efectuat de un juc\u0103tor nou, cu un maxim de 1.500,00 USD. Cel mai...","og_url":"https:\/\/titanpoker-bonuscode.eu\/ro\/","twitter_card":"summary_large_image","twitter_misc":{"Timp estimat pentru citire":"1 minut"},"schema":{"@context":"https:\/\/schema.org","@graph":[{"@type":"WebPage","@id":"https:\/\/titanpoker-bonuscode.eu\/ro\/","url":"https:\/\/titanpoker-bonuscode.eu\/ro\/","name":"Cel mai bun bonus cu codul nostru bonus Titan Poker","isPartOf":{"@id":"https:\/\/titanpoker-bonuscode.eu\/ro\/#website"},"datePublished":"2024-09-09T18:24:23+00:00","breadcrumb":{"@id":"https:\/\/titanpoker-bonuscode.eu\/ro\/#breadcrumb"},"inLanguage":"ro-RO","potentialAction":[{"@type":"ReadAction","target":["https:\/\/titanpoker-bonuscode.eu\/ro\/"]}]},{"@type":"BreadcrumbList","@id":"https:\/\/titanpoker-bonuscode.eu\/ro\/#breadcrumb","itemListElement":[{"@type":"ListItem","position":1,"name":"Home","item":"https:\/\/titanpoker-bonuscode.eu\/ro\/"},{"@type":"ListItem","position":2,"name":"Acas\u0103"}]},{"@type":"WebSite","@id":"https:\/\/titanpoker-bonuscode.eu\/ro\/#website","url":"https:\/\/titanpoker-bonuscode.eu\/ro\/","name":"","description":"","potentialAction":[{"@type":"SearchAction","target":{"@type":"EntryPoint","urlTemplate":"https:\/\/titanpoker-bonuscode.eu\/ro\/?s={search_term_string}"},"query-input":{"@type":"PropertyValueSpecification","valueRequired":true,"valueName":"search_term_string"}}],"inLanguage":"ro-RO"}]}},"_links":{"self":[{"href":"https:\/\/titanpoker-bonuscode.eu\/ro\/wp-json\/wp\/v2\/pages\/105","targetHints":{"allow":["GET"]}}],"collection":[{"href":"https:\/\/titanpoker-bonuscode.eu\/ro\/wp-json\/wp\/v2\/pages"}],"about":[{"href":"https:\/\/titanpoker-bonuscode.eu\/ro\/wp-json\/wp\/v2\/types\/page"}],"author":[{"embeddable":true,"href":"https:\/\/titanpoker-bonuscode.eu\/ro\/wp-json\/wp\/v2\/users\/1"}],"replies":[{"embeddable":true,"href":"https:\/\/titanpoker-bonuscode.eu\/ro\/wp-json\/wp\/v2\/comments?post=105"}],"version-history":[{"count":0,"href":"https:\/\/titanpoker-bonuscode.eu\/ro\/wp-json\/wp\/v2\/pages\/105\/revisions"}],"wp:attachment":[{"href":"https:\/\/titanpoker-bonuscode.eu\/ro\/wp-json\/wp\/v2\/media?parent=105"}],"curies":[{"name":"wp","href":"https:\/\/api.w.org\/{rel}","templated":true}]}}