{"id":103,"date":"2024-09-09T19:24:23","date_gmt":"2024-09-09T18:24:23","guid":{"rendered":"https:\/\/titanpoker-bonuscode.eu\/casa\/"},"modified":"2024-09-09T19:24:23","modified_gmt":"2024-09-09T18:24:23","slug":"casa","status":"publish","type":"page","link":"https:\/\/titanpoker-bonuscode.eu\/pt-pt\/","title":{"rendered":"Casa"},"content":{"rendered":"<p>O Titan Poker \u00e9 uma das salas de p\u00f3quer online de maior sucesso dos \u00faltimos anos. Uma das raz\u00f5es do seu sucesso \u00e9 a enorme quantidade de promo\u00e7\u00f5es, incluindo a mais recente oferta de b\u00f3nus de p\u00f3quer online de 200% do dep\u00f3sito feito por um novo jogador, com um m\u00e1ximo de 1.500,00 d\u00f3lares.<\/p>\n<h2>O melhor c\u00f3digo de b\u00f3nus dispon\u00edvel do Titan Poker, PKRCOACH<\/h2>\n<p>O novo c\u00f3digo de b\u00f3nus do Titan Poker para este b\u00f3nus de p\u00f3quer \u00e9 PKRCOACH \u2013 com este c\u00f3digo, pode ter a certeza de obter o b\u00f3nus completo de p\u00f3quer online recente de 200% e at\u00e9 $1.500. O b\u00f3nus ser\u00e1 pago em presta\u00e7\u00f5es de $10 enquanto joga m\u00e3os ou torneios com dinheiro real<\/p>\n<p>Confira o enorme calend\u00e1rio de torneios do Titan, que inclui a ECOOP Series com um pr\u00e9mio total de mais de 15 milh\u00f5es de d\u00f3lares, a enorme quantidade de mesas de jogos a dinheiro, tanto para o Fixo como para o Sem Limite.<\/p>\n<p>Visite j\u00e1 o site do Titan Poker e ganhe um b\u00f3nus de 1.500 d\u00f3lares clicando neste link.<\/p>\n<p>Descubra mais sobre o Titan Poker clicando num dos menus principais.<\/p>\n","protected":false},"excerpt":{"rendered":"<p>O Titan Poker \u00e9 uma das salas de p\u00f3quer online de maior sucesso dos \u00faltimos anos. Uma das raz\u00f5es do seu sucesso \u00e9 a enorme quantidade de promo\u00e7\u00f5es, incluindo a mais recente oferta de b\u00f3nus de p\u00f3quer online de 200% do dep\u00f3sito feito por um novo jogador, com um m\u00e1ximo de 1.500,00 d\u00f3lares. O melhor&#8230;<\/p>\n","protected":false},"author":1,"featured_media":0,"parent":0,"menu_order":0,"comment_status":"closed","ping_status":"closed","template":"","meta":{"footnotes":""},"class_list":["post-103","page","type-page","status-publish","hentry"],"yoast_head":"<!-- This site is optimized with the Yoast SEO plugin v25.9 - https:\/\/yoast.com\/wordpress\/plugins\/seo\/ -->\n<title>O melhor b\u00f3nus com o nosso c\u00f3digo de b\u00f3nus Titan Poker<\/title>\n<meta name=\"robots\" content=\"index, follow, max-snippet:-1, max-image-preview:large, max-video-preview:-1\" \/>\n<link rel=\"canonical\" href=\"https:\/\/titanpoker-bonuscode.eu\/pt-pt\/\" \/>\n<meta property=\"og:locale\" content=\"pt_PT\" \/>\n<meta property=\"og:type\" content=\"article\" \/>\n<meta property=\"og:title\" content=\"O melhor b\u00f3nus com o nosso c\u00f3digo de b\u00f3nus Titan Poker\" \/>\n<meta property=\"og:description\" content=\"O Titan Poker \u00e9 uma das salas de p\u00f3quer online de maior sucesso dos \u00faltimos anos. Uma das raz\u00f5es do seu sucesso \u00e9 a enorme quantidade de promo\u00e7\u00f5es, incluindo a mais recente oferta de b\u00f3nus de p\u00f3quer online de 200% do dep\u00f3sito feito por um novo jogador, com um m\u00e1ximo de 1.500,00 d\u00f3lares. O melhor...\" \/>\n<meta property=\"og:url\" content=\"https:\/\/titanpoker-bonuscode.eu\/pt-pt\/\" \/>\n<meta name=\"twitter:card\" content=\"summary_large_image\" \/>\n<meta name=\"twitter:label1\" content=\"Tempo estimado de leitura\" \/>\n\t<meta name=\"twitter:data1\" content=\"1 minuto\" \/>\n<script type=\"application\/ld+json\" class=\"yoast-schema-graph\">{\"@context\":\"https:\/\/schema.org\",\"@graph\":[{\"@type\":\"WebPage\",\"@id\":\"https:\/\/titanpoker-bonuscode.eu\/pt-pt\/\",\"url\":\"https:\/\/titanpoker-bonuscode.eu\/pt-pt\/\",\"name\":\"O melhor b\u00f3nus com o nosso c\u00f3digo de b\u00f3nus Titan Poker\",\"isPartOf\":{\"@id\":\"https:\/\/titanpoker-bonuscode.eu\/pt-pt\/#website\"},\"datePublished\":\"2024-09-09T18:24:23+00:00\",\"breadcrumb\":{\"@id\":\"https:\/\/titanpoker-bonuscode.eu\/pt-pt\/#breadcrumb\"},\"inLanguage\":\"pt-PT\",\"potentialAction\":[{\"@type\":\"ReadAction\",\"target\":[\"https:\/\/titanpoker-bonuscode.eu\/pt-pt\/\"]}]},{\"@type\":\"BreadcrumbList\",\"@id\":\"https:\/\/titanpoker-bonuscode.eu\/pt-pt\/#breadcrumb\",\"itemListElement\":[{\"@type\":\"ListItem\",\"position\":1,\"name\":\"Home\",\"item\":\"https:\/\/titanpoker-bonuscode.eu\/pt-pt\/\"},{\"@type\":\"ListItem\",\"position\":2,\"name\":\"Casa\"}]},{\"@type\":\"WebSite\",\"@id\":\"https:\/\/titanpoker-bonuscode.eu\/pt-pt\/#website\",\"url\":\"https:\/\/titanpoker-bonuscode.eu\/pt-pt\/\",\"name\":\"\",\"description\":\"\",\"potentialAction\":[{\"@type\":\"SearchAction\",\"target\":{\"@type\":\"EntryPoint\",\"urlTemplate\":\"https:\/\/titanpoker-bonuscode.eu\/pt-pt\/?s={search_term_string}\"},\"query-input\":{\"@type\":\"PropertyValueSpecification\",\"valueRequired\":true,\"valueName\":\"search_term_string\"}}],\"inLanguage\":\"pt-PT\"}]}<\/script>\n<!-- \/ Yoast SEO plugin. -->","yoast_head_json":{"title":"O melhor b\u00f3nus com o nosso c\u00f3digo de b\u00f3nus Titan Poker","robots":{"index":"index","follow":"follow","max-snippet":"max-snippet:-1","max-image-preview":"max-image-preview:large","max-video-preview":"max-video-preview:-1"},"canonical":"https:\/\/titanpoker-bonuscode.eu\/pt-pt\/","og_locale":"pt_PT","og_type":"article","og_title":"O melhor b\u00f3nus com o nosso c\u00f3digo de b\u00f3nus Titan Poker","og_description":"O Titan Poker \u00e9 uma das salas de p\u00f3quer online de maior sucesso dos \u00faltimos anos. Uma das raz\u00f5es do seu sucesso \u00e9 a enorme quantidade de promo\u00e7\u00f5es, incluindo a mais recente oferta de b\u00f3nus de p\u00f3quer online de 200% do dep\u00f3sito feito por um novo jogador, com um m\u00e1ximo de 1.500,00 d\u00f3lares. O melhor...","og_url":"https:\/\/titanpoker-bonuscode.eu\/pt-pt\/","twitter_card":"summary_large_image","twitter_misc":{"Tempo estimado de leitura":"1 minuto"},"schema":{"@context":"https:\/\/schema.org","@graph":[{"@type":"WebPage","@id":"https:\/\/titanpoker-bonuscode.eu\/pt-pt\/","url":"https:\/\/titanpoker-bonuscode.eu\/pt-pt\/","name":"O melhor b\u00f3nus com o nosso c\u00f3digo de b\u00f3nus Titan Poker","isPartOf":{"@id":"https:\/\/titanpoker-bonuscode.eu\/pt-pt\/#website"},"datePublished":"2024-09-09T18:24:23+00:00","breadcrumb":{"@id":"https:\/\/titanpoker-bonuscode.eu\/pt-pt\/#breadcrumb"},"inLanguage":"pt-PT","potentialAction":[{"@type":"ReadAction","target":["https:\/\/titanpoker-bonuscode.eu\/pt-pt\/"]}]},{"@type":"BreadcrumbList","@id":"https:\/\/titanpoker-bonuscode.eu\/pt-pt\/#breadcrumb","itemListElement":[{"@type":"ListItem","position":1,"name":"Home","item":"https:\/\/titanpoker-bonuscode.eu\/pt-pt\/"},{"@type":"ListItem","position":2,"name":"Casa"}]},{"@type":"WebSite","@id":"https:\/\/titanpoker-bonuscode.eu\/pt-pt\/#website","url":"https:\/\/titanpoker-bonuscode.eu\/pt-pt\/","name":"","description":"","potentialAction":[{"@type":"SearchAction","target":{"@type":"EntryPoint","urlTemplate":"https:\/\/titanpoker-bonuscode.eu\/pt-pt\/?s={search_term_string}"},"query-input":{"@type":"PropertyValueSpecification","valueRequired":true,"valueName":"search_term_string"}}],"inLanguage":"pt-PT"}]}},"_links":{"self":[{"href":"https:\/\/titanpoker-bonuscode.eu\/pt-pt\/wp-json\/wp\/v2\/pages\/103","targetHints":{"allow":["GET"]}}],"collection":[{"href":"https:\/\/titanpoker-bonuscode.eu\/pt-pt\/wp-json\/wp\/v2\/pages"}],"about":[{"href":"https:\/\/titanpoker-bonuscode.eu\/pt-pt\/wp-json\/wp\/v2\/types\/page"}],"author":[{"embeddable":true,"href":"https:\/\/titanpoker-bonuscode.eu\/pt-pt\/wp-json\/wp\/v2\/users\/1"}],"replies":[{"embeddable":true,"href":"https:\/\/titanpoker-bonuscode.eu\/pt-pt\/wp-json\/wp\/v2\/comments?post=103"}],"version-history":[{"count":0,"href":"https:\/\/titanpoker-bonuscode.eu\/pt-pt\/wp-json\/wp\/v2\/pages\/103\/revisions"}],"wp:attachment":[{"href":"https:\/\/titanpoker-bonuscode.eu\/pt-pt\/wp-json\/wp\/v2\/media?parent=103"}],"curies":[{"name":"wp","href":"https:\/\/api.w.org\/{rel}","templated":true}]}}