{"id":53,"date":"2024-09-09T19:24:23","date_gmt":"2024-09-09T18:24:23","guid":{"rendered":"https:\/\/titanpoker-bonuscode.eu\/hjem\/"},"modified":"2024-09-09T19:24:23","modified_gmt":"2024-09-09T18:24:23","slug":"hjem","status":"publish","type":"page","link":"https:\/\/titanpoker-bonuscode.eu\/no\/","title":{"rendered":"Hjem"},"content":{"rendered":"<p>Titan Poker er et av de mest suksessrike online pokerrommene de siste \u00e5rene. En av grunnene til suksessen deres er den enorme mengden kampanjer, inkludert det nyeste bonustilbudet for en online pokerbonus p\u00e5 200 % av innskuddet en ny spiller gj\u00f8r, med et maksimum p\u00e5 $1500,00.<\/p>\n<h2>Den beste tilgjengelige Titan Poker-bonuskoden PKRCOACH<\/h2>\n<p>Den nye Titan Poker-bonuskoden for denne pokerbonusen er PKRCOACH \u2013 med denne koden kan du v\u00e6re sikker p\u00e5 \u00e5 f\u00e5 den fulle nyeste online pokerbonusen p\u00e5 200 % og opptil $1500. Bonusen vil bli utbetalt i trinn p\u00e5 $10 mens du spiller hender eller turneringer med ekte penger.<\/p>\n<p>Sjekk ut Titans enorme turneringskalender, som inkluderer ECOOP-serien med en total premiepenge p\u00e5 over 15 millioner dollar, den enorme mengden cash game-bord, b\u00e5de for Fixed Limit og No Limit.<\/p>\n<p>Bes\u00f8k Titan Pokers nettsted n\u00e5 og f\u00e5 din 1500 dollar bonus ved \u00e5 klikke p\u00e5 denne lenken.<\/p>\n<p>Finn ut mer om Titan Poker ved \u00e5 klikke p\u00e5 en av de \u00f8verste menyene.<\/p>\n","protected":false},"excerpt":{"rendered":"<p>Titan Poker er et av de mest suksessrike online pokerrommene de siste \u00e5rene. En av grunnene til suksessen deres er den enorme mengden kampanjer, inkludert det nyeste bonustilbudet for en online pokerbonus p\u00e5 200 % av innskuddet en ny spiller gj\u00f8r, med et maksimum p\u00e5 $1500,00. Den beste tilgjengelige Titan Poker-bonuskoden PKRCOACH Den nye Titan&#8230;<\/p>\n","protected":false},"author":1,"featured_media":0,"parent":0,"menu_order":0,"comment_status":"closed","ping_status":"closed","template":"","meta":{"footnotes":""},"class_list":["post-53","page","type-page","status-publish","hentry"],"yoast_head":"<!-- This site is optimized with the Yoast SEO plugin v25.9 - https:\/\/yoast.com\/wordpress\/plugins\/seo\/ -->\n<title>Den beste bonusen med v\u00e5r Titan Poker bonuskode<\/title>\n<meta name=\"robots\" content=\"index, follow, max-snippet:-1, max-image-preview:large, max-video-preview:-1\" \/>\n<link rel=\"canonical\" href=\"https:\/\/titanpoker-bonuscode.eu\/no\/\" \/>\n<meta property=\"og:locale\" content=\"nb_NO\" \/>\n<meta property=\"og:type\" content=\"article\" \/>\n<meta property=\"og:title\" content=\"Den beste bonusen med v\u00e5r Titan Poker bonuskode\" \/>\n<meta property=\"og:description\" content=\"Titan Poker er et av de mest suksessrike online pokerrommene de siste \u00e5rene. En av grunnene til suksessen deres er den enorme mengden kampanjer, inkludert det nyeste bonustilbudet for en online pokerbonus p\u00e5 200 % av innskuddet en ny spiller gj\u00f8r, med et maksimum p\u00e5 $1500,00. Den beste tilgjengelige Titan Poker-bonuskoden PKRCOACH Den nye Titan...\" \/>\n<meta property=\"og:url\" content=\"https:\/\/titanpoker-bonuscode.eu\/no\/\" \/>\n<meta name=\"twitter:card\" content=\"summary_large_image\" \/>\n<meta name=\"twitter:label1\" content=\"Ansl. lesetid\" \/>\n\t<meta name=\"twitter:data1\" content=\"1 minutt\" \/>\n<script type=\"application\/ld+json\" class=\"yoast-schema-graph\">{\"@context\":\"https:\/\/schema.org\",\"@graph\":[{\"@type\":\"WebPage\",\"@id\":\"https:\/\/titanpoker-bonuscode.eu\/no\/\",\"url\":\"https:\/\/titanpoker-bonuscode.eu\/no\/\",\"name\":\"Den beste bonusen med v\u00e5r Titan Poker bonuskode\",\"isPartOf\":{\"@id\":\"https:\/\/titanpoker-bonuscode.eu\/no\/#website\"},\"datePublished\":\"2024-09-09T18:24:23+00:00\",\"breadcrumb\":{\"@id\":\"https:\/\/titanpoker-bonuscode.eu\/no\/#breadcrumb\"},\"inLanguage\":\"nb-NO\",\"potentialAction\":[{\"@type\":\"ReadAction\",\"target\":[\"https:\/\/titanpoker-bonuscode.eu\/no\/\"]}]},{\"@type\":\"BreadcrumbList\",\"@id\":\"https:\/\/titanpoker-bonuscode.eu\/no\/#breadcrumb\",\"itemListElement\":[{\"@type\":\"ListItem\",\"position\":1,\"name\":\"Home\",\"item\":\"https:\/\/titanpoker-bonuscode.eu\/no\/\"},{\"@type\":\"ListItem\",\"position\":2,\"name\":\"Hjem\"}]},{\"@type\":\"WebSite\",\"@id\":\"https:\/\/titanpoker-bonuscode.eu\/no\/#website\",\"url\":\"https:\/\/titanpoker-bonuscode.eu\/no\/\",\"name\":\"\",\"description\":\"\",\"potentialAction\":[{\"@type\":\"SearchAction\",\"target\":{\"@type\":\"EntryPoint\",\"urlTemplate\":\"https:\/\/titanpoker-bonuscode.eu\/no\/?s={search_term_string}\"},\"query-input\":{\"@type\":\"PropertyValueSpecification\",\"valueRequired\":true,\"valueName\":\"search_term_string\"}}],\"inLanguage\":\"nb-NO\"}]}<\/script>\n<!-- \/ Yoast SEO plugin. -->","yoast_head_json":{"title":"Den beste bonusen med v\u00e5r Titan Poker bonuskode","robots":{"index":"index","follow":"follow","max-snippet":"max-snippet:-1","max-image-preview":"max-image-preview:large","max-video-preview":"max-video-preview:-1"},"canonical":"https:\/\/titanpoker-bonuscode.eu\/no\/","og_locale":"nb_NO","og_type":"article","og_title":"Den beste bonusen med v\u00e5r Titan Poker bonuskode","og_description":"Titan Poker er et av de mest suksessrike online pokerrommene de siste \u00e5rene. En av grunnene til suksessen deres er den enorme mengden kampanjer, inkludert det nyeste bonustilbudet for en online pokerbonus p\u00e5 200 % av innskuddet en ny spiller gj\u00f8r, med et maksimum p\u00e5 $1500,00. Den beste tilgjengelige Titan Poker-bonuskoden PKRCOACH Den nye Titan...","og_url":"https:\/\/titanpoker-bonuscode.eu\/no\/","twitter_card":"summary_large_image","twitter_misc":{"Ansl. lesetid":"1 minutt"},"schema":{"@context":"https:\/\/schema.org","@graph":[{"@type":"WebPage","@id":"https:\/\/titanpoker-bonuscode.eu\/no\/","url":"https:\/\/titanpoker-bonuscode.eu\/no\/","name":"Den beste bonusen med v\u00e5r Titan Poker bonuskode","isPartOf":{"@id":"https:\/\/titanpoker-bonuscode.eu\/no\/#website"},"datePublished":"2024-09-09T18:24:23+00:00","breadcrumb":{"@id":"https:\/\/titanpoker-bonuscode.eu\/no\/#breadcrumb"},"inLanguage":"nb-NO","potentialAction":[{"@type":"ReadAction","target":["https:\/\/titanpoker-bonuscode.eu\/no\/"]}]},{"@type":"BreadcrumbList","@id":"https:\/\/titanpoker-bonuscode.eu\/no\/#breadcrumb","itemListElement":[{"@type":"ListItem","position":1,"name":"Home","item":"https:\/\/titanpoker-bonuscode.eu\/no\/"},{"@type":"ListItem","position":2,"name":"Hjem"}]},{"@type":"WebSite","@id":"https:\/\/titanpoker-bonuscode.eu\/no\/#website","url":"https:\/\/titanpoker-bonuscode.eu\/no\/","name":"","description":"","potentialAction":[{"@type":"SearchAction","target":{"@type":"EntryPoint","urlTemplate":"https:\/\/titanpoker-bonuscode.eu\/no\/?s={search_term_string}"},"query-input":{"@type":"PropertyValueSpecification","valueRequired":true,"valueName":"search_term_string"}}],"inLanguage":"nb-NO"}]}},"_links":{"self":[{"href":"https:\/\/titanpoker-bonuscode.eu\/no\/wp-json\/wp\/v2\/pages\/53","targetHints":{"allow":["GET"]}}],"collection":[{"href":"https:\/\/titanpoker-bonuscode.eu\/no\/wp-json\/wp\/v2\/pages"}],"about":[{"href":"https:\/\/titanpoker-bonuscode.eu\/no\/wp-json\/wp\/v2\/types\/page"}],"author":[{"embeddable":true,"href":"https:\/\/titanpoker-bonuscode.eu\/no\/wp-json\/wp\/v2\/users\/1"}],"replies":[{"embeddable":true,"href":"https:\/\/titanpoker-bonuscode.eu\/no\/wp-json\/wp\/v2\/comments?post=53"}],"version-history":[{"count":0,"href":"https:\/\/titanpoker-bonuscode.eu\/no\/wp-json\/wp\/v2\/pages\/53\/revisions"}],"wp:attachment":[{"href":"https:\/\/titanpoker-bonuscode.eu\/no\/wp-json\/wp\/v2\/media?parent=53"}],"curies":[{"name":"wp","href":"https:\/\/api.w.org\/{rel}","templated":true}]}}