{"id":52,"date":"2024-09-09T19:24:23","date_gmt":"2024-09-09T18:24:23","guid":{"rendered":"https:\/\/titanpoker-bonuscode.eu\/casa\/"},"modified":"2024-09-09T19:24:23","modified_gmt":"2024-09-09T18:24:23","slug":"casa","status":"publish","type":"page","link":"https:\/\/titanpoker-bonuscode.eu\/it\/","title":{"rendered":"Casa"},"content":{"rendered":"<p>Titan Poker \u00e8 una delle sale da poker online di maggior successo degli ultimi anni. Uno dei motivi del suo successo \u00e8 l&#8217;enorme quantit\u00e0 di promozioni, tra cui l&#8217;ultima offerta bonus per un bonus poker online del 200% sul deposito effettuato da un nuovo giocatore, con un massimo di $1.500,00.<\/p>\n<h2>Il miglior codice bonus Titan Poker disponibile: PKRCOACH<\/h2>\n<p>Il nuovo codice bonus Titan Poker per questo bonus poker \u00e8 PKRCOACH: con questo codice, puoi essere sicuro di ottenere l&#8217;intero bonus poker online del 200% e fino a $1.500. Il bonus verr\u00e0 erogato in incrementi di $10 mentre giochi mani o tornei con soldi veri.<\/p>\n<p>Scopri l&#8217;enorme calendario di tornei di Titan, che include le ECOOP Series con un montepremi totale di oltre 15 milioni di $$, e l&#8217;enorme quantit\u00e0 di tavoli cash game, sia a Limite Fisso che No Limit.<\/p>\n<p>Visita subito il sito web di Titan Poker e ottieni il tuo bonus di $1.500 cliccando su questo link.<\/p>\n<p>Scopri di pi\u00f9 su Titan Poker cliccando su uno dei menu in alto.<\/p>\n","protected":false},"excerpt":{"rendered":"<p>Titan Poker \u00e8 una delle sale da poker online di maggior successo degli ultimi anni. Uno dei motivi del suo successo \u00e8 l&#8217;enorme quantit\u00e0 di promozioni, tra cui l&#8217;ultima offerta bonus per un bonus poker online del 200% sul deposito effettuato da un nuovo giocatore, con un massimo di $1.500,00. Il miglior codice bonus Titan&#8230;<\/p>\n","protected":false},"author":1,"featured_media":0,"parent":0,"menu_order":0,"comment_status":"closed","ping_status":"closed","template":"","meta":{"footnotes":""},"class_list":["post-52","page","type-page","status-publish","hentry"],"yoast_head":"<!-- This site is optimized with the Yoast SEO plugin v25.9 - https:\/\/yoast.com\/wordpress\/plugins\/seo\/ -->\n<title>Il miglior bonus con il nostro codice bonus Titan Poker<\/title>\n<meta name=\"robots\" content=\"index, follow, max-snippet:-1, max-image-preview:large, max-video-preview:-1\" \/>\n<link rel=\"canonical\" href=\"https:\/\/titanpoker-bonuscode.eu\/it\/\" \/>\n<meta property=\"og:locale\" content=\"it_IT\" \/>\n<meta property=\"og:type\" content=\"article\" \/>\n<meta property=\"og:title\" content=\"Il miglior bonus con il nostro codice bonus Titan Poker\" \/>\n<meta property=\"og:description\" content=\"Titan Poker \u00e8 una delle sale da poker online di maggior successo degli ultimi anni. Uno dei motivi del suo successo \u00e8 l&#8217;enorme quantit\u00e0 di promozioni, tra cui l&#8217;ultima offerta bonus per un bonus poker online del 200% sul deposito effettuato da un nuovo giocatore, con un massimo di $1.500,00. Il miglior codice bonus Titan...\" \/>\n<meta property=\"og:url\" content=\"https:\/\/titanpoker-bonuscode.eu\/it\/\" \/>\n<meta name=\"twitter:card\" content=\"summary_large_image\" \/>\n<meta name=\"twitter:label1\" content=\"Tempo di lettura stimato\" \/>\n\t<meta name=\"twitter:data1\" content=\"1 minuto\" \/>\n<script type=\"application\/ld+json\" class=\"yoast-schema-graph\">{\"@context\":\"https:\/\/schema.org\",\"@graph\":[{\"@type\":\"WebPage\",\"@id\":\"https:\/\/titanpoker-bonuscode.eu\/it\/\",\"url\":\"https:\/\/titanpoker-bonuscode.eu\/it\/\",\"name\":\"Il miglior bonus con il nostro codice bonus Titan Poker\",\"isPartOf\":{\"@id\":\"https:\/\/titanpoker-bonuscode.eu\/it\/#website\"},\"datePublished\":\"2024-09-09T18:24:23+00:00\",\"breadcrumb\":{\"@id\":\"https:\/\/titanpoker-bonuscode.eu\/it\/#breadcrumb\"},\"inLanguage\":\"it-IT\",\"potentialAction\":[{\"@type\":\"ReadAction\",\"target\":[\"https:\/\/titanpoker-bonuscode.eu\/it\/\"]}]},{\"@type\":\"BreadcrumbList\",\"@id\":\"https:\/\/titanpoker-bonuscode.eu\/it\/#breadcrumb\",\"itemListElement\":[{\"@type\":\"ListItem\",\"position\":1,\"name\":\"Home\",\"item\":\"https:\/\/titanpoker-bonuscode.eu\/it\/\"},{\"@type\":\"ListItem\",\"position\":2,\"name\":\"Casa\"}]},{\"@type\":\"WebSite\",\"@id\":\"https:\/\/titanpoker-bonuscode.eu\/it\/#website\",\"url\":\"https:\/\/titanpoker-bonuscode.eu\/it\/\",\"name\":\"\",\"description\":\"\",\"potentialAction\":[{\"@type\":\"SearchAction\",\"target\":{\"@type\":\"EntryPoint\",\"urlTemplate\":\"https:\/\/titanpoker-bonuscode.eu\/it\/?s={search_term_string}\"},\"query-input\":{\"@type\":\"PropertyValueSpecification\",\"valueRequired\":true,\"valueName\":\"search_term_string\"}}],\"inLanguage\":\"it-IT\"}]}<\/script>\n<!-- \/ Yoast SEO plugin. -->","yoast_head_json":{"title":"Il miglior bonus con il nostro codice bonus Titan Poker","robots":{"index":"index","follow":"follow","max-snippet":"max-snippet:-1","max-image-preview":"max-image-preview:large","max-video-preview":"max-video-preview:-1"},"canonical":"https:\/\/titanpoker-bonuscode.eu\/it\/","og_locale":"it_IT","og_type":"article","og_title":"Il miglior bonus con il nostro codice bonus Titan Poker","og_description":"Titan Poker \u00e8 una delle sale da poker online di maggior successo degli ultimi anni. Uno dei motivi del suo successo \u00e8 l&#8217;enorme quantit\u00e0 di promozioni, tra cui l&#8217;ultima offerta bonus per un bonus poker online del 200% sul deposito effettuato da un nuovo giocatore, con un massimo di $1.500,00. Il miglior codice bonus Titan...","og_url":"https:\/\/titanpoker-bonuscode.eu\/it\/","twitter_card":"summary_large_image","twitter_misc":{"Tempo di lettura stimato":"1 minuto"},"schema":{"@context":"https:\/\/schema.org","@graph":[{"@type":"WebPage","@id":"https:\/\/titanpoker-bonuscode.eu\/it\/","url":"https:\/\/titanpoker-bonuscode.eu\/it\/","name":"Il miglior bonus con il nostro codice bonus Titan Poker","isPartOf":{"@id":"https:\/\/titanpoker-bonuscode.eu\/it\/#website"},"datePublished":"2024-09-09T18:24:23+00:00","breadcrumb":{"@id":"https:\/\/titanpoker-bonuscode.eu\/it\/#breadcrumb"},"inLanguage":"it-IT","potentialAction":[{"@type":"ReadAction","target":["https:\/\/titanpoker-bonuscode.eu\/it\/"]}]},{"@type":"BreadcrumbList","@id":"https:\/\/titanpoker-bonuscode.eu\/it\/#breadcrumb","itemListElement":[{"@type":"ListItem","position":1,"name":"Home","item":"https:\/\/titanpoker-bonuscode.eu\/it\/"},{"@type":"ListItem","position":2,"name":"Casa"}]},{"@type":"WebSite","@id":"https:\/\/titanpoker-bonuscode.eu\/it\/#website","url":"https:\/\/titanpoker-bonuscode.eu\/it\/","name":"","description":"","potentialAction":[{"@type":"SearchAction","target":{"@type":"EntryPoint","urlTemplate":"https:\/\/titanpoker-bonuscode.eu\/it\/?s={search_term_string}"},"query-input":{"@type":"PropertyValueSpecification","valueRequired":true,"valueName":"search_term_string"}}],"inLanguage":"it-IT"}]}},"_links":{"self":[{"href":"https:\/\/titanpoker-bonuscode.eu\/it\/wp-json\/wp\/v2\/pages\/52","targetHints":{"allow":["GET"]}}],"collection":[{"href":"https:\/\/titanpoker-bonuscode.eu\/it\/wp-json\/wp\/v2\/pages"}],"about":[{"href":"https:\/\/titanpoker-bonuscode.eu\/it\/wp-json\/wp\/v2\/types\/page"}],"author":[{"embeddable":true,"href":"https:\/\/titanpoker-bonuscode.eu\/it\/wp-json\/wp\/v2\/users\/1"}],"replies":[{"embeddable":true,"href":"https:\/\/titanpoker-bonuscode.eu\/it\/wp-json\/wp\/v2\/comments?post=52"}],"version-history":[{"count":0,"href":"https:\/\/titanpoker-bonuscode.eu\/it\/wp-json\/wp\/v2\/pages\/52\/revisions"}],"wp:attachment":[{"href":"https:\/\/titanpoker-bonuscode.eu\/it\/wp-json\/wp\/v2\/media?parent=52"}],"curies":[{"name":"wp","href":"https:\/\/api.w.org\/{rel}","templated":true}]}}