{"id":50,"date":"2024-09-09T19:24:23","date_gmt":"2024-09-09T18:24:23","guid":{"rendered":"https:\/\/titanpoker-bonuscode.eu\/maison\/"},"modified":"2024-09-09T19:24:23","modified_gmt":"2024-09-09T18:24:23","slug":"maison","status":"publish","type":"page","link":"https:\/\/titanpoker-bonuscode.eu\/fr\/","title":{"rendered":"Maison"},"content":{"rendered":"<p>Titan Poker est l&rsquo;une des salles de poker en ligne les plus populaires de ces derni\u00e8res ann\u00e9es. Son succ\u00e8s repose en partie sur son offre exceptionnelle de promotions, dont la derni\u00e8re offre\u00a0: un bonus de poker en ligne de 200\u00a0% sur le d\u00e9p\u00f4t d&rsquo;un nouveau joueur, avec un maximum de 1\u00a0500\u00a0$.<\/p>\n<h2>Le meilleur code bonus Titan Poker disponible\u00a0: PKRCOACH<\/h2>\n<p>Le nouveau code bonus Titan Poker pour ce bonus de poker est PKRCOACH. Avec ce code, vous \u00eates assur\u00e9 de b\u00e9n\u00e9ficier du bonus de poker en ligne complet de 200\u00a0%, jusqu&rsquo;\u00e0 1\u00a0500\u00a0$. Le bonus sera vers\u00e9 par tranches de 10\u00a0$ lorsque vous jouez des mains ou des tournois en argent r\u00e9el.<\/p>\n<p>D\u00e9couvrez l&rsquo;immense calendrier des tournois de Titan, qui comprend la s\u00e9rie ECOOP, avec une dotation totale de plus de 15\u00a0millions de dollars, et un nombre impressionnant de tables de cash game, en Fixed Limit et No Limit.<\/p>\n<p>Visitez le site web de Titan Poker d\u00e8s maintenant et obtenez un bonus de 1\u00a0500\u00a0$ en cliquant sur ce lien.<\/p>\n<p>D\u00e9couvrez-en plus sur Titan Poker en cliquant sur l&rsquo;un des menus sup\u00e9rieurs.<\/p>\n","protected":false},"excerpt":{"rendered":"<p>Titan Poker est l&rsquo;une des salles de poker en ligne les plus populaires de ces derni\u00e8res ann\u00e9es. Son succ\u00e8s repose en partie sur son offre exceptionnelle de promotions, dont la derni\u00e8re offre\u00a0: un bonus de poker en ligne de 200\u00a0% sur le d\u00e9p\u00f4t d&rsquo;un nouveau joueur, avec un maximum de 1\u00a0500\u00a0$. Le meilleur code bonus&#8230;<\/p>\n","protected":false},"author":1,"featured_media":0,"parent":0,"menu_order":0,"comment_status":"closed","ping_status":"closed","template":"","meta":{"footnotes":""},"class_list":["post-50","page","type-page","status-publish","hentry"],"yoast_head":"<!-- This site is optimized with the Yoast SEO plugin v25.9 - https:\/\/yoast.com\/wordpress\/plugins\/seo\/ -->\n<title>Le meilleur bonus avec notre code bonus Titan Poker<\/title>\n<meta name=\"robots\" content=\"index, follow, max-snippet:-1, max-image-preview:large, max-video-preview:-1\" \/>\n<link rel=\"canonical\" href=\"https:\/\/titanpoker-bonuscode.eu\/fr\/\" \/>\n<meta property=\"og:locale\" content=\"fr_FR\" \/>\n<meta property=\"og:type\" content=\"article\" \/>\n<meta property=\"og:title\" content=\"Le meilleur bonus avec notre code bonus Titan Poker\" \/>\n<meta property=\"og:description\" content=\"Titan Poker est l&rsquo;une des salles de poker en ligne les plus populaires de ces derni\u00e8res ann\u00e9es. Son succ\u00e8s repose en partie sur son offre exceptionnelle de promotions, dont la derni\u00e8re offre\u00a0: un bonus de poker en ligne de 200\u00a0% sur le d\u00e9p\u00f4t d&rsquo;un nouveau joueur, avec un maximum de 1\u00a0500\u00a0$. Le meilleur code bonus...\" \/>\n<meta property=\"og:url\" content=\"https:\/\/titanpoker-bonuscode.eu\/fr\/\" \/>\n<meta name=\"twitter:card\" content=\"summary_large_image\" \/>\n<meta name=\"twitter:label1\" content=\"Dur\u00e9e de lecture estim\u00e9e\" \/>\n\t<meta name=\"twitter:data1\" content=\"1 minute\" \/>\n<script type=\"application\/ld+json\" class=\"yoast-schema-graph\">{\"@context\":\"https:\/\/schema.org\",\"@graph\":[{\"@type\":\"WebPage\",\"@id\":\"https:\/\/titanpoker-bonuscode.eu\/fr\/\",\"url\":\"https:\/\/titanpoker-bonuscode.eu\/fr\/\",\"name\":\"Le meilleur bonus avec notre code bonus Titan Poker\",\"isPartOf\":{\"@id\":\"https:\/\/titanpoker-bonuscode.eu\/fr\/#website\"},\"datePublished\":\"2024-09-09T18:24:23+00:00\",\"breadcrumb\":{\"@id\":\"https:\/\/titanpoker-bonuscode.eu\/fr\/#breadcrumb\"},\"inLanguage\":\"fr-FR\",\"potentialAction\":[{\"@type\":\"ReadAction\",\"target\":[\"https:\/\/titanpoker-bonuscode.eu\/fr\/\"]}]},{\"@type\":\"BreadcrumbList\",\"@id\":\"https:\/\/titanpoker-bonuscode.eu\/fr\/#breadcrumb\",\"itemListElement\":[{\"@type\":\"ListItem\",\"position\":1,\"name\":\"Home\",\"item\":\"https:\/\/titanpoker-bonuscode.eu\/fr\/\"},{\"@type\":\"ListItem\",\"position\":2,\"name\":\"Maison\"}]},{\"@type\":\"WebSite\",\"@id\":\"https:\/\/titanpoker-bonuscode.eu\/fr\/#website\",\"url\":\"https:\/\/titanpoker-bonuscode.eu\/fr\/\",\"name\":\"\",\"description\":\"\",\"potentialAction\":[{\"@type\":\"SearchAction\",\"target\":{\"@type\":\"EntryPoint\",\"urlTemplate\":\"https:\/\/titanpoker-bonuscode.eu\/fr\/?s={search_term_string}\"},\"query-input\":{\"@type\":\"PropertyValueSpecification\",\"valueRequired\":true,\"valueName\":\"search_term_string\"}}],\"inLanguage\":\"fr-FR\"}]}<\/script>\n<!-- \/ Yoast SEO plugin. -->","yoast_head_json":{"title":"Le meilleur bonus avec notre code bonus Titan Poker","robots":{"index":"index","follow":"follow","max-snippet":"max-snippet:-1","max-image-preview":"max-image-preview:large","max-video-preview":"max-video-preview:-1"},"canonical":"https:\/\/titanpoker-bonuscode.eu\/fr\/","og_locale":"fr_FR","og_type":"article","og_title":"Le meilleur bonus avec notre code bonus Titan Poker","og_description":"Titan Poker est l&rsquo;une des salles de poker en ligne les plus populaires de ces derni\u00e8res ann\u00e9es. Son succ\u00e8s repose en partie sur son offre exceptionnelle de promotions, dont la derni\u00e8re offre\u00a0: un bonus de poker en ligne de 200\u00a0% sur le d\u00e9p\u00f4t d&rsquo;un nouveau joueur, avec un maximum de 1\u00a0500\u00a0$. Le meilleur code bonus...","og_url":"https:\/\/titanpoker-bonuscode.eu\/fr\/","twitter_card":"summary_large_image","twitter_misc":{"Dur\u00e9e de lecture estim\u00e9e":"1 minute"},"schema":{"@context":"https:\/\/schema.org","@graph":[{"@type":"WebPage","@id":"https:\/\/titanpoker-bonuscode.eu\/fr\/","url":"https:\/\/titanpoker-bonuscode.eu\/fr\/","name":"Le meilleur bonus avec notre code bonus Titan Poker","isPartOf":{"@id":"https:\/\/titanpoker-bonuscode.eu\/fr\/#website"},"datePublished":"2024-09-09T18:24:23+00:00","breadcrumb":{"@id":"https:\/\/titanpoker-bonuscode.eu\/fr\/#breadcrumb"},"inLanguage":"fr-FR","potentialAction":[{"@type":"ReadAction","target":["https:\/\/titanpoker-bonuscode.eu\/fr\/"]}]},{"@type":"BreadcrumbList","@id":"https:\/\/titanpoker-bonuscode.eu\/fr\/#breadcrumb","itemListElement":[{"@type":"ListItem","position":1,"name":"Home","item":"https:\/\/titanpoker-bonuscode.eu\/fr\/"},{"@type":"ListItem","position":2,"name":"Maison"}]},{"@type":"WebSite","@id":"https:\/\/titanpoker-bonuscode.eu\/fr\/#website","url":"https:\/\/titanpoker-bonuscode.eu\/fr\/","name":"","description":"","potentialAction":[{"@type":"SearchAction","target":{"@type":"EntryPoint","urlTemplate":"https:\/\/titanpoker-bonuscode.eu\/fr\/?s={search_term_string}"},"query-input":{"@type":"PropertyValueSpecification","valueRequired":true,"valueName":"search_term_string"}}],"inLanguage":"fr-FR"}]}},"_links":{"self":[{"href":"https:\/\/titanpoker-bonuscode.eu\/fr\/wp-json\/wp\/v2\/pages\/50","targetHints":{"allow":["GET"]}}],"collection":[{"href":"https:\/\/titanpoker-bonuscode.eu\/fr\/wp-json\/wp\/v2\/pages"}],"about":[{"href":"https:\/\/titanpoker-bonuscode.eu\/fr\/wp-json\/wp\/v2\/types\/page"}],"author":[{"embeddable":true,"href":"https:\/\/titanpoker-bonuscode.eu\/fr\/wp-json\/wp\/v2\/users\/1"}],"replies":[{"embeddable":true,"href":"https:\/\/titanpoker-bonuscode.eu\/fr\/wp-json\/wp\/v2\/comments?post=50"}],"version-history":[{"count":0,"href":"https:\/\/titanpoker-bonuscode.eu\/fr\/wp-json\/wp\/v2\/pages\/50\/revisions"}],"wp:attachment":[{"href":"https:\/\/titanpoker-bonuscode.eu\/fr\/wp-json\/wp\/v2\/media?parent=50"}],"curies":[{"name":"wp","href":"https:\/\/api.w.org\/{rel}","templated":true}]}}