{"id":101,"date":"2024-09-09T19:24:23","date_gmt":"2024-09-09T18:24:23","guid":{"rendered":"https:\/\/titanpoker-bonuscode.eu\/kotiin\/"},"modified":"2024-09-09T19:24:23","modified_gmt":"2024-09-09T18:24:23","slug":"kotiin","status":"publish","type":"page","link":"https:\/\/titanpoker-bonuscode.eu\/fi\/","title":{"rendered":"Kotiin"},"content":{"rendered":"<p>Titan Poker on yksi viime vuosien menestyneimmist\u00e4 nettipokerihuoneista. Yksi syy heid\u00e4n menestykseens\u00e4 on valtava m\u00e4\u00e4r\u00e4 kampanjoita, mukaan lukien uusin bonustarjous, jossa saat 200 % uuden pelaajan talletuksesta bonuksena, enint\u00e4\u00e4n 1 500,00 dollaria.<\/p>\n<h2>Paras saatavilla oleva Titan Poker -bonuskoodi PKRCOACH<\/h2>\n<p>Uusi Titan Poker -bonuskoodi t\u00e4lle pokeribonukselle on PKRCOACH \u2013 t\u00e4ll\u00e4 koodilla voit olla varma, ett\u00e4 saat t\u00e4yden nettipokeribonuksen 200 % ja jopa 1 500 dollariin asti. Bonus maksetaan 10 dollarin eriss\u00e4, kun pelaat oikean rahan k\u00e4si\u00e4 tai turnauksia.<\/p>\n<p>Tutustu Titanin valtavaan turnauskalenteriin, joka sis\u00e4lt\u00e4\u00e4 ECOOP-sarjan, jonka kokonaispalkintopotti on yli 15 miljoonaa dollaria, sek\u00e4 valtavan m\u00e4\u00e4r\u00e4n k\u00e4teisp\u00f6yti\u00e4 sek\u00e4 Fixed Limit- ett\u00e4 No Limit -p\u00f6ydiss\u00e4.<\/p>\n<p>Vieraile Titan Pokerin verkkosivustolla nyt ja saat 1 500 dollarin bonuksen napsauttamalla t\u00e4t\u00e4 linkki\u00e4.<\/p>\n<p>Lis\u00e4tietoja Titan Pokerista saat napsauttamalla yht\u00e4 yl\u00e4valikoista.<\/p>\n","protected":false},"excerpt":{"rendered":"<p>Titan Poker on yksi viime vuosien menestyneimmist\u00e4 nettipokerihuoneista. Yksi syy heid\u00e4n menestykseens\u00e4 on valtava m\u00e4\u00e4r\u00e4 kampanjoita, mukaan lukien uusin bonustarjous, jossa saat 200 % uuden pelaajan talletuksesta bonuksena, enint\u00e4\u00e4n 1 500,00 dollaria. Paras saatavilla oleva Titan Poker -bonuskoodi PKRCOACH Uusi Titan Poker -bonuskoodi t\u00e4lle pokeribonukselle on PKRCOACH \u2013 t\u00e4ll\u00e4 koodilla voit olla varma, ett\u00e4 saat&#8230;<\/p>\n","protected":false},"author":1,"featured_media":0,"parent":0,"menu_order":0,"comment_status":"closed","ping_status":"closed","template":"","meta":{"footnotes":""},"class_list":["post-101","page","type-page","status-publish","hentry"],"yoast_head":"<!-- This site is optimized with the Yoast SEO plugin v25.9 - https:\/\/yoast.com\/wordpress\/plugins\/seo\/ -->\n<title>Paras bonus Titan Poker -bonuskoodillamme<\/title>\n<meta name=\"robots\" content=\"index, follow, max-snippet:-1, max-image-preview:large, max-video-preview:-1\" \/>\n<link rel=\"canonical\" href=\"https:\/\/titanpoker-bonuscode.eu\/fi\/\" \/>\n<meta property=\"og:locale\" content=\"fi_FI\" \/>\n<meta property=\"og:type\" content=\"article\" \/>\n<meta property=\"og:title\" content=\"Paras bonus Titan Poker -bonuskoodillamme\" \/>\n<meta property=\"og:description\" content=\"Titan Poker on yksi viime vuosien menestyneimmist\u00e4 nettipokerihuoneista. Yksi syy heid\u00e4n menestykseens\u00e4 on valtava m\u00e4\u00e4r\u00e4 kampanjoita, mukaan lukien uusin bonustarjous, jossa saat 200 % uuden pelaajan talletuksesta bonuksena, enint\u00e4\u00e4n 1 500,00 dollaria. Paras saatavilla oleva Titan Poker -bonuskoodi PKRCOACH Uusi Titan Poker -bonuskoodi t\u00e4lle pokeribonukselle on PKRCOACH \u2013 t\u00e4ll\u00e4 koodilla voit olla varma, ett\u00e4 saat...\" \/>\n<meta property=\"og:url\" content=\"https:\/\/titanpoker-bonuscode.eu\/fi\/\" \/>\n<meta name=\"twitter:card\" content=\"summary_large_image\" \/>\n<meta name=\"twitter:label1\" content=\"Arvioitu lukuaika\" \/>\n\t<meta name=\"twitter:data1\" content=\"1 minuutti\" \/>\n<script type=\"application\/ld+json\" class=\"yoast-schema-graph\">{\"@context\":\"https:\/\/schema.org\",\"@graph\":[{\"@type\":\"WebPage\",\"@id\":\"https:\/\/titanpoker-bonuscode.eu\/fi\/\",\"url\":\"https:\/\/titanpoker-bonuscode.eu\/fi\/\",\"name\":\"Paras bonus Titan Poker -bonuskoodillamme\",\"isPartOf\":{\"@id\":\"https:\/\/titanpoker-bonuscode.eu\/fi\/#website\"},\"datePublished\":\"2024-09-09T18:24:23+00:00\",\"breadcrumb\":{\"@id\":\"https:\/\/titanpoker-bonuscode.eu\/fi\/#breadcrumb\"},\"inLanguage\":\"fi\",\"potentialAction\":[{\"@type\":\"ReadAction\",\"target\":[\"https:\/\/titanpoker-bonuscode.eu\/fi\/\"]}]},{\"@type\":\"BreadcrumbList\",\"@id\":\"https:\/\/titanpoker-bonuscode.eu\/fi\/#breadcrumb\",\"itemListElement\":[{\"@type\":\"ListItem\",\"position\":1,\"name\":\"Home\",\"item\":\"https:\/\/titanpoker-bonuscode.eu\/fi\/\"},{\"@type\":\"ListItem\",\"position\":2,\"name\":\"Kotiin\"}]},{\"@type\":\"WebSite\",\"@id\":\"https:\/\/titanpoker-bonuscode.eu\/fi\/#website\",\"url\":\"https:\/\/titanpoker-bonuscode.eu\/fi\/\",\"name\":\"\",\"description\":\"\",\"potentialAction\":[{\"@type\":\"SearchAction\",\"target\":{\"@type\":\"EntryPoint\",\"urlTemplate\":\"https:\/\/titanpoker-bonuscode.eu\/fi\/?s={search_term_string}\"},\"query-input\":{\"@type\":\"PropertyValueSpecification\",\"valueRequired\":true,\"valueName\":\"search_term_string\"}}],\"inLanguage\":\"fi\"}]}<\/script>\n<!-- \/ Yoast SEO plugin. -->","yoast_head_json":{"title":"Paras bonus Titan Poker -bonuskoodillamme","robots":{"index":"index","follow":"follow","max-snippet":"max-snippet:-1","max-image-preview":"max-image-preview:large","max-video-preview":"max-video-preview:-1"},"canonical":"https:\/\/titanpoker-bonuscode.eu\/fi\/","og_locale":"fi_FI","og_type":"article","og_title":"Paras bonus Titan Poker -bonuskoodillamme","og_description":"Titan Poker on yksi viime vuosien menestyneimmist\u00e4 nettipokerihuoneista. Yksi syy heid\u00e4n menestykseens\u00e4 on valtava m\u00e4\u00e4r\u00e4 kampanjoita, mukaan lukien uusin bonustarjous, jossa saat 200 % uuden pelaajan talletuksesta bonuksena, enint\u00e4\u00e4n 1 500,00 dollaria. Paras saatavilla oleva Titan Poker -bonuskoodi PKRCOACH Uusi Titan Poker -bonuskoodi t\u00e4lle pokeribonukselle on PKRCOACH \u2013 t\u00e4ll\u00e4 koodilla voit olla varma, ett\u00e4 saat...","og_url":"https:\/\/titanpoker-bonuscode.eu\/fi\/","twitter_card":"summary_large_image","twitter_misc":{"Arvioitu lukuaika":"1 minuutti"},"schema":{"@context":"https:\/\/schema.org","@graph":[{"@type":"WebPage","@id":"https:\/\/titanpoker-bonuscode.eu\/fi\/","url":"https:\/\/titanpoker-bonuscode.eu\/fi\/","name":"Paras bonus Titan Poker -bonuskoodillamme","isPartOf":{"@id":"https:\/\/titanpoker-bonuscode.eu\/fi\/#website"},"datePublished":"2024-09-09T18:24:23+00:00","breadcrumb":{"@id":"https:\/\/titanpoker-bonuscode.eu\/fi\/#breadcrumb"},"inLanguage":"fi","potentialAction":[{"@type":"ReadAction","target":["https:\/\/titanpoker-bonuscode.eu\/fi\/"]}]},{"@type":"BreadcrumbList","@id":"https:\/\/titanpoker-bonuscode.eu\/fi\/#breadcrumb","itemListElement":[{"@type":"ListItem","position":1,"name":"Home","item":"https:\/\/titanpoker-bonuscode.eu\/fi\/"},{"@type":"ListItem","position":2,"name":"Kotiin"}]},{"@type":"WebSite","@id":"https:\/\/titanpoker-bonuscode.eu\/fi\/#website","url":"https:\/\/titanpoker-bonuscode.eu\/fi\/","name":"","description":"","potentialAction":[{"@type":"SearchAction","target":{"@type":"EntryPoint","urlTemplate":"https:\/\/titanpoker-bonuscode.eu\/fi\/?s={search_term_string}"},"query-input":{"@type":"PropertyValueSpecification","valueRequired":true,"valueName":"search_term_string"}}],"inLanguage":"fi"}]}},"_links":{"self":[{"href":"https:\/\/titanpoker-bonuscode.eu\/fi\/wp-json\/wp\/v2\/pages\/101","targetHints":{"allow":["GET"]}}],"collection":[{"href":"https:\/\/titanpoker-bonuscode.eu\/fi\/wp-json\/wp\/v2\/pages"}],"about":[{"href":"https:\/\/titanpoker-bonuscode.eu\/fi\/wp-json\/wp\/v2\/types\/page"}],"author":[{"embeddable":true,"href":"https:\/\/titanpoker-bonuscode.eu\/fi\/wp-json\/wp\/v2\/users\/1"}],"replies":[{"embeddable":true,"href":"https:\/\/titanpoker-bonuscode.eu\/fi\/wp-json\/wp\/v2\/comments?post=101"}],"version-history":[{"count":0,"href":"https:\/\/titanpoker-bonuscode.eu\/fi\/wp-json\/wp\/v2\/pages\/101\/revisions"}],"wp:attachment":[{"href":"https:\/\/titanpoker-bonuscode.eu\/fi\/wp-json\/wp\/v2\/media?parent=101"}],"curies":[{"name":"wp","href":"https:\/\/api.w.org\/{rel}","templated":true}]}}