{"id":54,"date":"2024-09-09T19:24:23","date_gmt":"2024-09-09T18:24:23","guid":{"rendered":"https:\/\/titanpoker-bonuscode.eu\/hogar\/"},"modified":"2024-09-09T19:24:23","modified_gmt":"2024-09-09T18:24:23","slug":"hogar","status":"publish","type":"page","link":"https:\/\/titanpoker-bonuscode.eu\/es\/","title":{"rendered":"Hogar"},"content":{"rendered":"<p>Titan Poker es una de las salas de p\u00f3ker online m\u00e1s exitosas de los \u00faltimos a\u00f1os. Una de las razones de su \u00e9xito es su enorme cantidad de promociones, incluyendo la \u00faltima oferta de bono de p\u00f3ker online del 200% del dep\u00f3sito de un nuevo jugador, con un m\u00e1ximo de $1,500.00.<\/p>\n<h2>El mejor c\u00f3digo de bono de Titan Poker disponible: PKRCOACH<\/h2>\n<p>El nuevo c\u00f3digo de bono de Titan Poker para este bono de p\u00f3ker es PKRCOACH. Con este c\u00f3digo, puedes asegurarte de obtener el bono de p\u00f3ker online completo del 200% y hasta $1500. El bono se pagar\u00e1 en incrementos de $10 mientras juegas manos o torneos con dinero real.<\/p>\n<p>Consulta el extenso calendario de torneos de Titan, que incluye la Serie ECOOP con un premio total de m\u00e1s de $15 millones, y la gran cantidad de mesas de cash game, tanto con l\u00edmite fijo como sin l\u00edmite.<\/p>\n<p>Visita la web de Titan Poker ahora y consigue tu bono de $1500 haciendo clic en este enlace.<\/p>\n<p>Descubra m\u00e1s sobre Titan Poker haciendo clic en uno de los men\u00fas superiores.<\/p>\n","protected":false},"excerpt":{"rendered":"<p>Titan Poker es una de las salas de p\u00f3ker online m\u00e1s exitosas de los \u00faltimos a\u00f1os. Una de las razones de su \u00e9xito es su enorme cantidad de promociones, incluyendo la \u00faltima oferta de bono de p\u00f3ker online del 200% del dep\u00f3sito de un nuevo jugador, con un m\u00e1ximo de $1,500.00. El mejor c\u00f3digo de&#8230;<\/p>\n","protected":false},"author":1,"featured_media":0,"parent":0,"menu_order":0,"comment_status":"closed","ping_status":"closed","template":"","meta":{"footnotes":""},"class_list":["post-54","page","type-page","status-publish","hentry"],"yoast_head":"<!-- This site is optimized with the Yoast SEO plugin v25.9 - https:\/\/yoast.com\/wordpress\/plugins\/seo\/ -->\n<title>El mejor bono con nuestro c\u00f3digo de bono de Titan Poker<\/title>\n<meta name=\"robots\" content=\"index, follow, max-snippet:-1, max-image-preview:large, max-video-preview:-1\" \/>\n<link rel=\"canonical\" href=\"https:\/\/titanpoker-bonuscode.eu\/es\/\" \/>\n<meta property=\"og:locale\" content=\"es_ES\" \/>\n<meta property=\"og:type\" content=\"article\" \/>\n<meta property=\"og:title\" content=\"El mejor bono con nuestro c\u00f3digo de bono de Titan Poker\" \/>\n<meta property=\"og:description\" content=\"Titan Poker es una de las salas de p\u00f3ker online m\u00e1s exitosas de los \u00faltimos a\u00f1os. Una de las razones de su \u00e9xito es su enorme cantidad de promociones, incluyendo la \u00faltima oferta de bono de p\u00f3ker online del 200% del dep\u00f3sito de un nuevo jugador, con un m\u00e1ximo de $1,500.00. El mejor c\u00f3digo de...\" \/>\n<meta property=\"og:url\" content=\"https:\/\/titanpoker-bonuscode.eu\/es\/\" \/>\n<meta name=\"twitter:card\" content=\"summary_large_image\" \/>\n<meta name=\"twitter:label1\" content=\"Tiempo de lectura\" \/>\n\t<meta name=\"twitter:data1\" content=\"1 minuto\" \/>\n<script type=\"application\/ld+json\" class=\"yoast-schema-graph\">{\"@context\":\"https:\/\/schema.org\",\"@graph\":[{\"@type\":\"WebPage\",\"@id\":\"https:\/\/titanpoker-bonuscode.eu\/es\/\",\"url\":\"https:\/\/titanpoker-bonuscode.eu\/es\/\",\"name\":\"El mejor bono con nuestro c\u00f3digo de bono de Titan Poker\",\"isPartOf\":{\"@id\":\"https:\/\/titanpoker-bonuscode.eu\/es\/#website\"},\"datePublished\":\"2024-09-09T18:24:23+00:00\",\"breadcrumb\":{\"@id\":\"https:\/\/titanpoker-bonuscode.eu\/es\/#breadcrumb\"},\"inLanguage\":\"es\",\"potentialAction\":[{\"@type\":\"ReadAction\",\"target\":[\"https:\/\/titanpoker-bonuscode.eu\/es\/\"]}]},{\"@type\":\"BreadcrumbList\",\"@id\":\"https:\/\/titanpoker-bonuscode.eu\/es\/#breadcrumb\",\"itemListElement\":[{\"@type\":\"ListItem\",\"position\":1,\"name\":\"Home\",\"item\":\"https:\/\/titanpoker-bonuscode.eu\/es\/\"},{\"@type\":\"ListItem\",\"position\":2,\"name\":\"Hogar\"}]},{\"@type\":\"WebSite\",\"@id\":\"https:\/\/titanpoker-bonuscode.eu\/es\/#website\",\"url\":\"https:\/\/titanpoker-bonuscode.eu\/es\/\",\"name\":\"\",\"description\":\"\",\"potentialAction\":[{\"@type\":\"SearchAction\",\"target\":{\"@type\":\"EntryPoint\",\"urlTemplate\":\"https:\/\/titanpoker-bonuscode.eu\/es\/?s={search_term_string}\"},\"query-input\":{\"@type\":\"PropertyValueSpecification\",\"valueRequired\":true,\"valueName\":\"search_term_string\"}}],\"inLanguage\":\"es\"}]}<\/script>\n<!-- \/ Yoast SEO plugin. -->","yoast_head_json":{"title":"El mejor bono con nuestro c\u00f3digo de bono de Titan Poker","robots":{"index":"index","follow":"follow","max-snippet":"max-snippet:-1","max-image-preview":"max-image-preview:large","max-video-preview":"max-video-preview:-1"},"canonical":"https:\/\/titanpoker-bonuscode.eu\/es\/","og_locale":"es_ES","og_type":"article","og_title":"El mejor bono con nuestro c\u00f3digo de bono de Titan Poker","og_description":"Titan Poker es una de las salas de p\u00f3ker online m\u00e1s exitosas de los \u00faltimos a\u00f1os. Una de las razones de su \u00e9xito es su enorme cantidad de promociones, incluyendo la \u00faltima oferta de bono de p\u00f3ker online del 200% del dep\u00f3sito de un nuevo jugador, con un m\u00e1ximo de $1,500.00. El mejor c\u00f3digo de...","og_url":"https:\/\/titanpoker-bonuscode.eu\/es\/","twitter_card":"summary_large_image","twitter_misc":{"Tiempo de lectura":"1 minuto"},"schema":{"@context":"https:\/\/schema.org","@graph":[{"@type":"WebPage","@id":"https:\/\/titanpoker-bonuscode.eu\/es\/","url":"https:\/\/titanpoker-bonuscode.eu\/es\/","name":"El mejor bono con nuestro c\u00f3digo de bono de Titan Poker","isPartOf":{"@id":"https:\/\/titanpoker-bonuscode.eu\/es\/#website"},"datePublished":"2024-09-09T18:24:23+00:00","breadcrumb":{"@id":"https:\/\/titanpoker-bonuscode.eu\/es\/#breadcrumb"},"inLanguage":"es","potentialAction":[{"@type":"ReadAction","target":["https:\/\/titanpoker-bonuscode.eu\/es\/"]}]},{"@type":"BreadcrumbList","@id":"https:\/\/titanpoker-bonuscode.eu\/es\/#breadcrumb","itemListElement":[{"@type":"ListItem","position":1,"name":"Home","item":"https:\/\/titanpoker-bonuscode.eu\/es\/"},{"@type":"ListItem","position":2,"name":"Hogar"}]},{"@type":"WebSite","@id":"https:\/\/titanpoker-bonuscode.eu\/es\/#website","url":"https:\/\/titanpoker-bonuscode.eu\/es\/","name":"","description":"","potentialAction":[{"@type":"SearchAction","target":{"@type":"EntryPoint","urlTemplate":"https:\/\/titanpoker-bonuscode.eu\/es\/?s={search_term_string}"},"query-input":{"@type":"PropertyValueSpecification","valueRequired":true,"valueName":"search_term_string"}}],"inLanguage":"es"}]}},"_links":{"self":[{"href":"https:\/\/titanpoker-bonuscode.eu\/es\/wp-json\/wp\/v2\/pages\/54","targetHints":{"allow":["GET"]}}],"collection":[{"href":"https:\/\/titanpoker-bonuscode.eu\/es\/wp-json\/wp\/v2\/pages"}],"about":[{"href":"https:\/\/titanpoker-bonuscode.eu\/es\/wp-json\/wp\/v2\/types\/page"}],"author":[{"embeddable":true,"href":"https:\/\/titanpoker-bonuscode.eu\/es\/wp-json\/wp\/v2\/users\/1"}],"replies":[{"embeddable":true,"href":"https:\/\/titanpoker-bonuscode.eu\/es\/wp-json\/wp\/v2\/comments?post=54"}],"version-history":[{"count":0,"href":"https:\/\/titanpoker-bonuscode.eu\/es\/wp-json\/wp\/v2\/pages\/54\/revisions"}],"wp:attachment":[{"href":"https:\/\/titanpoker-bonuscode.eu\/es\/wp-json\/wp\/v2\/media?parent=54"}],"curies":[{"name":"wp","href":"https:\/\/api.w.org\/{rel}","templated":true}]}}