{"id":49,"date":"2024-09-09T19:24:23","date_gmt":"2024-09-09T18:24:23","guid":{"rendered":"https:\/\/titanpoker-bonuscode.eu\/hjem\/"},"modified":"2024-09-09T19:24:23","modified_gmt":"2024-09-09T18:24:23","slug":"hjem","status":"publish","type":"page","link":"https:\/\/titanpoker-bonuscode.eu\/da\/","title":{"rendered":"Hjem"},"content":{"rendered":"<p>Titan Poker er et af de mest succesfulde online pokerrum i de seneste \u00e5r. En af grundene til deres succes er det enorme antal kampagner, inklusive det seneste bonustilbud p\u00e5 en online pokerbonus p\u00e5 200% af den indbetaling, en ny spiller foretager, med et maksimum p\u00e5 $1.500,00.<\/p>\n<h2>Den bedste tilg\u00e6ngelige Titan Poker Bonuskode PKRCOACH<\/h2>\n<p>Den nye Titan Poker Bonuskode til denne pokerbonus er PKRCOACH \u2013 med denne kode kan du v\u00e6re sikker p\u00e5 at f\u00e5 den fulde seneste online pokerbonus p\u00e5 200% og op til $1500. Bonussen udbetales i intervaller p\u00e5 $10, mens du spiller h\u00e6nder eller turneringer med rigtige penge.<\/p>\n<p>Tjek Titans enorme turneringskalender, som inkluderer ECOOP-serien med en samlet pr\u00e6miesum p\u00e5 over 15 millioner dollars, det enorme antal cash game-borde, b\u00e5de til Fixed Limit og No Limit.<\/p>\n<p>Bes\u00f8g Titan Pokers hjemmeside nu og f\u00e5 din bonus p\u00e5 $1500 ved at klikke p\u00e5 dette link.<\/p>\n<p>F\u00e5 mere at vide om Titan Poker ved at klikke p\u00e5 en af \u200b\u200bde \u00f8verste menuer.<\/p>\n","protected":false},"excerpt":{"rendered":"<p>Titan Poker er et af de mest succesfulde online pokerrum i de seneste \u00e5r. En af grundene til deres succes er det enorme antal kampagner, inklusive det seneste bonustilbud p\u00e5 en online pokerbonus p\u00e5 200% af den indbetaling, en ny spiller foretager, med et maksimum p\u00e5 $1.500,00. Den bedste tilg\u00e6ngelige Titan Poker Bonuskode PKRCOACH Den&#8230;<\/p>\n","protected":false},"author":1,"featured_media":0,"parent":0,"menu_order":0,"comment_status":"closed","ping_status":"closed","template":"","meta":{"footnotes":""},"class_list":["post-49","page","type-page","status-publish","hentry"],"yoast_head":"<!-- This site is optimized with the Yoast SEO plugin v25.9 - https:\/\/yoast.com\/wordpress\/plugins\/seo\/ -->\n<title>Den bedste bonus med vores Titan Poker bonuskode<\/title>\n<meta name=\"robots\" content=\"index, follow, max-snippet:-1, max-image-preview:large, max-video-preview:-1\" \/>\n<link rel=\"canonical\" href=\"https:\/\/titanpoker-bonuscode.eu\/da\/\" \/>\n<meta property=\"og:locale\" content=\"da_DK\" \/>\n<meta property=\"og:type\" content=\"article\" \/>\n<meta property=\"og:title\" content=\"Den bedste bonus med vores Titan Poker bonuskode\" \/>\n<meta property=\"og:description\" content=\"Titan Poker er et af de mest succesfulde online pokerrum i de seneste \u00e5r. En af grundene til deres succes er det enorme antal kampagner, inklusive det seneste bonustilbud p\u00e5 en online pokerbonus p\u00e5 200% af den indbetaling, en ny spiller foretager, med et maksimum p\u00e5 $1.500,00. Den bedste tilg\u00e6ngelige Titan Poker Bonuskode PKRCOACH Den...\" \/>\n<meta property=\"og:url\" content=\"https:\/\/titanpoker-bonuscode.eu\/da\/\" \/>\n<meta name=\"twitter:card\" content=\"summary_large_image\" \/>\n<meta name=\"twitter:label1\" content=\"Estimeret l\u00e6setid\" \/>\n\t<meta name=\"twitter:data1\" content=\"1 minut\" \/>\n<script type=\"application\/ld+json\" class=\"yoast-schema-graph\">{\"@context\":\"https:\/\/schema.org\",\"@graph\":[{\"@type\":\"WebPage\",\"@id\":\"https:\/\/titanpoker-bonuscode.eu\/da\/\",\"url\":\"https:\/\/titanpoker-bonuscode.eu\/da\/\",\"name\":\"Den bedste bonus med vores Titan Poker bonuskode\",\"isPartOf\":{\"@id\":\"https:\/\/titanpoker-bonuscode.eu\/da\/#website\"},\"datePublished\":\"2024-09-09T18:24:23+00:00\",\"breadcrumb\":{\"@id\":\"https:\/\/titanpoker-bonuscode.eu\/da\/#breadcrumb\"},\"inLanguage\":\"da-DK\",\"potentialAction\":[{\"@type\":\"ReadAction\",\"target\":[\"https:\/\/titanpoker-bonuscode.eu\/da\/\"]}]},{\"@type\":\"BreadcrumbList\",\"@id\":\"https:\/\/titanpoker-bonuscode.eu\/da\/#breadcrumb\",\"itemListElement\":[{\"@type\":\"ListItem\",\"position\":1,\"name\":\"Home\",\"item\":\"https:\/\/titanpoker-bonuscode.eu\/da\/\"},{\"@type\":\"ListItem\",\"position\":2,\"name\":\"Hjem\"}]},{\"@type\":\"WebSite\",\"@id\":\"https:\/\/titanpoker-bonuscode.eu\/da\/#website\",\"url\":\"https:\/\/titanpoker-bonuscode.eu\/da\/\",\"name\":\"\",\"description\":\"\",\"potentialAction\":[{\"@type\":\"SearchAction\",\"target\":{\"@type\":\"EntryPoint\",\"urlTemplate\":\"https:\/\/titanpoker-bonuscode.eu\/da\/?s={search_term_string}\"},\"query-input\":{\"@type\":\"PropertyValueSpecification\",\"valueRequired\":true,\"valueName\":\"search_term_string\"}}],\"inLanguage\":\"da-DK\"}]}<\/script>\n<!-- \/ Yoast SEO plugin. -->","yoast_head_json":{"title":"Den bedste bonus med vores Titan Poker bonuskode","robots":{"index":"index","follow":"follow","max-snippet":"max-snippet:-1","max-image-preview":"max-image-preview:large","max-video-preview":"max-video-preview:-1"},"canonical":"https:\/\/titanpoker-bonuscode.eu\/da\/","og_locale":"da_DK","og_type":"article","og_title":"Den bedste bonus med vores Titan Poker bonuskode","og_description":"Titan Poker er et af de mest succesfulde online pokerrum i de seneste \u00e5r. En af grundene til deres succes er det enorme antal kampagner, inklusive det seneste bonustilbud p\u00e5 en online pokerbonus p\u00e5 200% af den indbetaling, en ny spiller foretager, med et maksimum p\u00e5 $1.500,00. Den bedste tilg\u00e6ngelige Titan Poker Bonuskode PKRCOACH Den...","og_url":"https:\/\/titanpoker-bonuscode.eu\/da\/","twitter_card":"summary_large_image","twitter_misc":{"Estimeret l\u00e6setid":"1 minut"},"schema":{"@context":"https:\/\/schema.org","@graph":[{"@type":"WebPage","@id":"https:\/\/titanpoker-bonuscode.eu\/da\/","url":"https:\/\/titanpoker-bonuscode.eu\/da\/","name":"Den bedste bonus med vores Titan Poker bonuskode","isPartOf":{"@id":"https:\/\/titanpoker-bonuscode.eu\/da\/#website"},"datePublished":"2024-09-09T18:24:23+00:00","breadcrumb":{"@id":"https:\/\/titanpoker-bonuscode.eu\/da\/#breadcrumb"},"inLanguage":"da-DK","potentialAction":[{"@type":"ReadAction","target":["https:\/\/titanpoker-bonuscode.eu\/da\/"]}]},{"@type":"BreadcrumbList","@id":"https:\/\/titanpoker-bonuscode.eu\/da\/#breadcrumb","itemListElement":[{"@type":"ListItem","position":1,"name":"Home","item":"https:\/\/titanpoker-bonuscode.eu\/da\/"},{"@type":"ListItem","position":2,"name":"Hjem"}]},{"@type":"WebSite","@id":"https:\/\/titanpoker-bonuscode.eu\/da\/#website","url":"https:\/\/titanpoker-bonuscode.eu\/da\/","name":"","description":"","potentialAction":[{"@type":"SearchAction","target":{"@type":"EntryPoint","urlTemplate":"https:\/\/titanpoker-bonuscode.eu\/da\/?s={search_term_string}"},"query-input":{"@type":"PropertyValueSpecification","valueRequired":true,"valueName":"search_term_string"}}],"inLanguage":"da-DK"}]}},"_links":{"self":[{"href":"https:\/\/titanpoker-bonuscode.eu\/da\/wp-json\/wp\/v2\/pages\/49","targetHints":{"allow":["GET"]}}],"collection":[{"href":"https:\/\/titanpoker-bonuscode.eu\/da\/wp-json\/wp\/v2\/pages"}],"about":[{"href":"https:\/\/titanpoker-bonuscode.eu\/da\/wp-json\/wp\/v2\/types\/page"}],"author":[{"embeddable":true,"href":"https:\/\/titanpoker-bonuscode.eu\/da\/wp-json\/wp\/v2\/users\/1"}],"replies":[{"embeddable":true,"href":"https:\/\/titanpoker-bonuscode.eu\/da\/wp-json\/wp\/v2\/comments?post=49"}],"version-history":[{"count":0,"href":"https:\/\/titanpoker-bonuscode.eu\/da\/wp-json\/wp\/v2\/pages\/49\/revisions"}],"wp:attachment":[{"href":"https:\/\/titanpoker-bonuscode.eu\/da\/wp-json\/wp\/v2\/media?parent=49"}],"curies":[{"name":"wp","href":"https:\/\/api.w.org\/{rel}","templated":true}]}}