{"id":48,"date":"2024-09-09T19:24:23","date_gmt":"2024-09-09T18:24:23","guid":{"rendered":"https:\/\/titanpoker-bonuscode.eu\/domov\/"},"modified":"2024-09-09T19:24:23","modified_gmt":"2024-09-09T18:24:23","slug":"domov","status":"publish","type":"page","link":"https:\/\/titanpoker-bonuscode.eu\/cs\/","title":{"rendered":"Domov"},"content":{"rendered":"<p>Titan Poker je jednou z nej\u00fasp\u011b\u0161n\u011bj\u0161\u00edch online pokerov\u00fdch heren posledn\u00edch let. Jedn\u00edm z d\u016fvod\u016f jejich \u00fasp\u011bchu je obrovsk\u00e9 mno\u017estv\u00ed propaga\u010dn\u00edch akc\u00ed, v\u010detn\u011b nejnov\u011bj\u0161\u00ed bonusov\u00e9 nab\u00eddky online pokerov\u00e9ho bonusu ve v\u00fd\u0161i 200 % z vkladu, kter\u00fd nov\u00fd hr\u00e1\u010d provede, s maximem 1 500,00 USD.<\/p>\n<h2>Nejlep\u0161\u00ed dostupn\u00fd bonusov\u00fd k\u00f3d Titan Poker PKRCOACH<\/h2>\n<p>Nov\u00fd bonusov\u00fd k\u00f3d Titan Poker pro tento pokerov\u00fd bonus je PKRCOACH \u2013 s t\u00edmto k\u00f3dem si m\u016f\u017eete b\u00fdt jisti, \u017ee z\u00edsk\u00e1te pln\u00fd ned\u00e1vn\u00fd online pokerov\u00fd bonus ve v\u00fd\u0161i 200 % a a\u017e do v\u00fd\u0161e 1 500 USD. Bonus bude vypl\u00e1cen v kroc\u00edch po 10 USD, kdy\u017e hrajete hry o skute\u010dn\u00e9 pen\u00edze nebo turnaje.<\/p>\n<p>Pod\u00edvejte se na obrovsk\u00fd turnajov\u00fd kalend\u00e1\u0159 Titanu, kter\u00fd zahrnuje s\u00e9rii ECOOP s celkovou v\u00fdhrou p\u0159es 15 milion\u016f USD, obrovsk\u00e9 mno\u017estv\u00ed stol\u016f s cash game, a to jak pro Fixed Limit, tak pro No Limit.<\/p>\n<p>Nav\u0161tivte webov\u00e9 str\u00e1nky Titan Pokeru a z\u00edskejte bonus 1 500 USD kliknut\u00edm na tento odkaz.<\/p>\n<p>Zjist\u011bte v\u00edce o Titan Pokeru kliknut\u00edm na jedno z horn\u00edch menu.<\/p>\n","protected":false},"excerpt":{"rendered":"<p>Titan Poker je jednou z nej\u00fasp\u011b\u0161n\u011bj\u0161\u00edch online pokerov\u00fdch heren posledn\u00edch let. Jedn\u00edm z d\u016fvod\u016f jejich \u00fasp\u011bchu je obrovsk\u00e9 mno\u017estv\u00ed propaga\u010dn\u00edch akc\u00ed, v\u010detn\u011b nejnov\u011bj\u0161\u00ed bonusov\u00e9 nab\u00eddky online pokerov\u00e9ho bonusu ve v\u00fd\u0161i 200 % z vkladu, kter\u00fd nov\u00fd hr\u00e1\u010d provede, s maximem 1 500,00 USD. Nejlep\u0161\u00ed dostupn\u00fd bonusov\u00fd k\u00f3d Titan Poker PKRCOACH Nov\u00fd bonusov\u00fd k\u00f3d Titan Poker&#8230;<\/p>\n","protected":false},"author":1,"featured_media":0,"parent":0,"menu_order":0,"comment_status":"closed","ping_status":"closed","template":"","meta":{"footnotes":""},"class_list":["post-48","page","type-page","status-publish","hentry"],"yoast_head":"<!-- This site is optimized with the Yoast SEO plugin v25.9 - https:\/\/yoast.com\/wordpress\/plugins\/seo\/ -->\n<title>Nejlep\u0161\u00ed bonus s na\u0161\u00edm bonusov\u00fdm k\u00f3dem Titan Poker<\/title>\n<meta name=\"robots\" content=\"index, follow, max-snippet:-1, max-image-preview:large, max-video-preview:-1\" \/>\n<link rel=\"canonical\" href=\"https:\/\/titanpoker-bonuscode.eu\/cs\/\" \/>\n<meta property=\"og:locale\" content=\"cs_CZ\" \/>\n<meta property=\"og:type\" content=\"article\" \/>\n<meta property=\"og:title\" content=\"Nejlep\u0161\u00ed bonus s na\u0161\u00edm bonusov\u00fdm k\u00f3dem Titan Poker\" \/>\n<meta property=\"og:description\" content=\"Titan Poker je jednou z nej\u00fasp\u011b\u0161n\u011bj\u0161\u00edch online pokerov\u00fdch heren posledn\u00edch let. Jedn\u00edm z d\u016fvod\u016f jejich \u00fasp\u011bchu je obrovsk\u00e9 mno\u017estv\u00ed propaga\u010dn\u00edch akc\u00ed, v\u010detn\u011b nejnov\u011bj\u0161\u00ed bonusov\u00e9 nab\u00eddky online pokerov\u00e9ho bonusu ve v\u00fd\u0161i 200 % z vkladu, kter\u00fd nov\u00fd hr\u00e1\u010d provede, s maximem 1 500,00 USD. Nejlep\u0161\u00ed dostupn\u00fd bonusov\u00fd k\u00f3d Titan Poker PKRCOACH Nov\u00fd bonusov\u00fd k\u00f3d Titan Poker...\" \/>\n<meta property=\"og:url\" content=\"https:\/\/titanpoker-bonuscode.eu\/cs\/\" \/>\n<meta name=\"twitter:card\" content=\"summary_large_image\" \/>\n<meta name=\"twitter:label1\" content=\"Odhadovan\u00e1 doba \u010dten\u00ed\" \/>\n\t<meta name=\"twitter:data1\" content=\"1 minuta\" \/>\n<script type=\"application\/ld+json\" class=\"yoast-schema-graph\">{\"@context\":\"https:\/\/schema.org\",\"@graph\":[{\"@type\":\"WebPage\",\"@id\":\"https:\/\/titanpoker-bonuscode.eu\/cs\/\",\"url\":\"https:\/\/titanpoker-bonuscode.eu\/cs\/\",\"name\":\"Nejlep\u0161\u00ed bonus s na\u0161\u00edm bonusov\u00fdm k\u00f3dem Titan Poker\",\"isPartOf\":{\"@id\":\"https:\/\/titanpoker-bonuscode.eu\/cs\/#website\"},\"datePublished\":\"2024-09-09T18:24:23+00:00\",\"breadcrumb\":{\"@id\":\"https:\/\/titanpoker-bonuscode.eu\/cs\/#breadcrumb\"},\"inLanguage\":\"cs\",\"potentialAction\":[{\"@type\":\"ReadAction\",\"target\":[\"https:\/\/titanpoker-bonuscode.eu\/cs\/\"]}]},{\"@type\":\"BreadcrumbList\",\"@id\":\"https:\/\/titanpoker-bonuscode.eu\/cs\/#breadcrumb\",\"itemListElement\":[{\"@type\":\"ListItem\",\"position\":1,\"name\":\"Home\",\"item\":\"https:\/\/titanpoker-bonuscode.eu\/cs\/\"},{\"@type\":\"ListItem\",\"position\":2,\"name\":\"Domov\"}]},{\"@type\":\"WebSite\",\"@id\":\"https:\/\/titanpoker-bonuscode.eu\/cs\/#website\",\"url\":\"https:\/\/titanpoker-bonuscode.eu\/cs\/\",\"name\":\"\",\"description\":\"\",\"potentialAction\":[{\"@type\":\"SearchAction\",\"target\":{\"@type\":\"EntryPoint\",\"urlTemplate\":\"https:\/\/titanpoker-bonuscode.eu\/cs\/?s={search_term_string}\"},\"query-input\":{\"@type\":\"PropertyValueSpecification\",\"valueRequired\":true,\"valueName\":\"search_term_string\"}}],\"inLanguage\":\"cs\"}]}<\/script>\n<!-- \/ Yoast SEO plugin. -->","yoast_head_json":{"title":"Nejlep\u0161\u00ed bonus s na\u0161\u00edm bonusov\u00fdm k\u00f3dem Titan Poker","robots":{"index":"index","follow":"follow","max-snippet":"max-snippet:-1","max-image-preview":"max-image-preview:large","max-video-preview":"max-video-preview:-1"},"canonical":"https:\/\/titanpoker-bonuscode.eu\/cs\/","og_locale":"cs_CZ","og_type":"article","og_title":"Nejlep\u0161\u00ed bonus s na\u0161\u00edm bonusov\u00fdm k\u00f3dem Titan Poker","og_description":"Titan Poker je jednou z nej\u00fasp\u011b\u0161n\u011bj\u0161\u00edch online pokerov\u00fdch heren posledn\u00edch let. Jedn\u00edm z d\u016fvod\u016f jejich \u00fasp\u011bchu je obrovsk\u00e9 mno\u017estv\u00ed propaga\u010dn\u00edch akc\u00ed, v\u010detn\u011b nejnov\u011bj\u0161\u00ed bonusov\u00e9 nab\u00eddky online pokerov\u00e9ho bonusu ve v\u00fd\u0161i 200 % z vkladu, kter\u00fd nov\u00fd hr\u00e1\u010d provede, s maximem 1 500,00 USD. Nejlep\u0161\u00ed dostupn\u00fd bonusov\u00fd k\u00f3d Titan Poker PKRCOACH Nov\u00fd bonusov\u00fd k\u00f3d Titan Poker...","og_url":"https:\/\/titanpoker-bonuscode.eu\/cs\/","twitter_card":"summary_large_image","twitter_misc":{"Odhadovan\u00e1 doba \u010dten\u00ed":"1 minuta"},"schema":{"@context":"https:\/\/schema.org","@graph":[{"@type":"WebPage","@id":"https:\/\/titanpoker-bonuscode.eu\/cs\/","url":"https:\/\/titanpoker-bonuscode.eu\/cs\/","name":"Nejlep\u0161\u00ed bonus s na\u0161\u00edm bonusov\u00fdm k\u00f3dem Titan Poker","isPartOf":{"@id":"https:\/\/titanpoker-bonuscode.eu\/cs\/#website"},"datePublished":"2024-09-09T18:24:23+00:00","breadcrumb":{"@id":"https:\/\/titanpoker-bonuscode.eu\/cs\/#breadcrumb"},"inLanguage":"cs","potentialAction":[{"@type":"ReadAction","target":["https:\/\/titanpoker-bonuscode.eu\/cs\/"]}]},{"@type":"BreadcrumbList","@id":"https:\/\/titanpoker-bonuscode.eu\/cs\/#breadcrumb","itemListElement":[{"@type":"ListItem","position":1,"name":"Home","item":"https:\/\/titanpoker-bonuscode.eu\/cs\/"},{"@type":"ListItem","position":2,"name":"Domov"}]},{"@type":"WebSite","@id":"https:\/\/titanpoker-bonuscode.eu\/cs\/#website","url":"https:\/\/titanpoker-bonuscode.eu\/cs\/","name":"","description":"","potentialAction":[{"@type":"SearchAction","target":{"@type":"EntryPoint","urlTemplate":"https:\/\/titanpoker-bonuscode.eu\/cs\/?s={search_term_string}"},"query-input":{"@type":"PropertyValueSpecification","valueRequired":true,"valueName":"search_term_string"}}],"inLanguage":"cs"}]}},"_links":{"self":[{"href":"https:\/\/titanpoker-bonuscode.eu\/cs\/wp-json\/wp\/v2\/pages\/48","targetHints":{"allow":["GET"]}}],"collection":[{"href":"https:\/\/titanpoker-bonuscode.eu\/cs\/wp-json\/wp\/v2\/pages"}],"about":[{"href":"https:\/\/titanpoker-bonuscode.eu\/cs\/wp-json\/wp\/v2\/types\/page"}],"author":[{"embeddable":true,"href":"https:\/\/titanpoker-bonuscode.eu\/cs\/wp-json\/wp\/v2\/users\/1"}],"replies":[{"embeddable":true,"href":"https:\/\/titanpoker-bonuscode.eu\/cs\/wp-json\/wp\/v2\/comments?post=48"}],"version-history":[{"count":0,"href":"https:\/\/titanpoker-bonuscode.eu\/cs\/wp-json\/wp\/v2\/pages\/48\/revisions"}],"wp:attachment":[{"href":"https:\/\/titanpoker-bonuscode.eu\/cs\/wp-json\/wp\/v2\/media?parent=48"}],"curies":[{"name":"wp","href":"https:\/\/api.w.org\/{rel}","templated":true}]}}